{"id":11229,"date":"2024-12-12T13:55:33","date_gmt":"2024-12-12T12:55:33","guid":{"rendered":"https:\/\/manosinkietas.com\/?post_type=product&#038;p=11229"},"modified":"2026-03-31T18:43:27","modified_gmt":"2026-03-31T16:43:27","slug":"huchas-de-madera-y-metacrilato-mando-consola-videojuegos","status":"publish","type":"product","link":"https:\/\/manosinkietas.com\/en\/product\/huchas-de-madera-y-metacrilato-mando-consola-videojuegos\/","title":{"rendered":"Huchas de Madera y Metacrilato Con Forma Mando Consola Videojuegos"},"content":{"rendered":"<p>Preciosas huchas de madera en forma de mando de consola de videojuegos.<\/p>\n<p>Estas bonitas huchas son elaboradas en madera contrachapado de 3mm y metacrilato transparente de 3mm. El dise\u00f1o incluye detalles del mando hechos con grabado l\u00e1ser y las podemos personalizar a tu gusto (con frases o un nombre). Adem\u00e1s, cuenta con una abertura para sacar las monedas o billetes que se aglomeran dentro de la pieza. Ideales como detalle para muchas ocasiones especiales.<\/p>\n<p>Medidas:<\/p>\n<p>Alto: 16,17cm<br \/>\nAncho: 24,11cm<\/p>\n<p>TIEMPO DE ELABORACI\u00d3N: 8 a 10 d\u00edas laborables, dependiendo de la \u00e9poca (en temporada de eventos puede tardar m\u00e1s). Por favor, consultar.<\/p>\n<p>NOTA: No se acepten devoluciones de piezas de madera con vetas, especialmente si se trata de productos personalizados o en los cuales se aprovechan las caracter\u00edsticas naturales de la madera. Esto se debe a que las variaciones en el color y las vetas son inherentes a la madera natural y no se consideran defectos.<\/p>\n<p>*****************************************<\/p>\n<p>Por favor, preg\u00fantanos si tienes alguna duda acerca de nuestros productos. Estamos felices de atenderte. Recordatorio: esta es una peque\u00f1a tienda de emprendedores y el tiempo invertido en crear nuestras piezas \u00fanicas tambi\u00e9n tiene valor. \u00bfTe gustan nuestros productos? Echa un vistazo a la tienda:<\/p>","protected":false},"excerpt":{"rendered":"<p>Preciosas huchas de madera en forma de mando de consola de videojuegos.<\/p>","protected":false},"featured_media":11236,"comment_status":"open","ping_status":"closed","template":"","meta":{"_acf_changed":false},"product_brand":[],"product_cat":[36,703],"product_tag":[891,890,1184,49,668,754,538,536,1182,1183,69,889,893,894,892,196,1181,1186,48,895,1185,548,815,239,1188,1187],"filtro_producto":[],"class_list":{"0":"post-11229","1":"product","2":"type-product","3":"status-publish","4":"has-post-thumbnail","6":"product_cat-celebracion","7":"product_cat-menaje","8":"product_tag-ahorros","9":"product_tag-alcancia","10":"product_tag-control","11":"product_tag-corte-laser","12":"product_tag-detalles","13":"product_tag-detalles-personalizados","14":"product_tag-eventos","15":"product_tag-fiestas","16":"product_tag-gamer","17":"product_tag-geek","18":"product_tag-grabado-laser","19":"product_tag-hucha","20":"product_tag-hucha-de-madera","21":"product_tag-hucha-personalizada","22":"product_tag-huchas","23":"product_tag-madera","24":"product_tag-mando","25":"product_tag-mando-de-videojuegos","26":"product_tag-metacrilato","27":"product_tag-piggy-bank","28":"product_tag-ps5","29":"product_tag-recuerdos-para-eventos","30":"product_tag-regalos-para-eventos","31":"product_tag-regalos-personalizados","32":"product_tag-videojuego","33":"product_tag-videojuegos","34":"product_shipping_class-cc","36":"first","37":"instock","38":"taxable","39":"shipping-taxable","40":"purchasable","41":"product-type-simple"},"acf":[],"aioseo_notices":[],"_links":{"self":[{"href":"https:\/\/manosinkietas.com\/en\/wp-json\/wp\/v2\/product\/11229","targetHints":{"allow":["GET"]}}],"collection":[{"href":"https:\/\/manosinkietas.com\/en\/wp-json\/wp\/v2\/product"}],"about":[{"href":"https:\/\/manosinkietas.com\/en\/wp-json\/wp\/v2\/types\/product"}],"replies":[{"embeddable":true,"href":"https:\/\/manosinkietas.com\/en\/wp-json\/wp\/v2\/comments?post=11229"}],"version-history":[{"count":2,"href":"https:\/\/manosinkietas.com\/en\/wp-json\/wp\/v2\/product\/11229\/revisions"}],"predecessor-version":[{"id":12068,"href":"https:\/\/manosinkietas.com\/en\/wp-json\/wp\/v2\/product\/11229\/revisions\/12068"}],"wp:featuredmedia":[{"embeddable":true,"href":"https:\/\/manosinkietas.com\/en\/wp-json\/wp\/v2\/media\/11236"}],"wp:attachment":[{"href":"https:\/\/manosinkietas.com\/en\/wp-json\/wp\/v2\/media?parent=11229"}],"wp:term":[{"taxonomy":"product_brand","embeddable":true,"href":"https:\/\/manosinkietas.com\/en\/wp-json\/wp\/v2\/product_brand?post=11229"},{"taxonomy":"product_cat","embeddable":true,"href":"https:\/\/manosinkietas.com\/en\/wp-json\/wp\/v2\/product_cat?post=11229"},{"taxonomy":"product_tag","embeddable":true,"href":"https:\/\/manosinkietas.com\/en\/wp-json\/wp\/v2\/product_tag?post=11229"},{"taxonomy":"filtro_producto","embeddable":true,"href":"https:\/\/manosinkietas.com\/en\/wp-json\/wp\/v2\/filtro_producto?post=11229"}],"curies":[{"name":"wp","href":"https:\/\/api.w.org\/{rel}","templated":true}]}}