{"id":11213,"date":"2024-12-03T19:21:28","date_gmt":"2024-12-03T18:21:28","guid":{"rendered":"https:\/\/manosinkietas.com\/?post_type=product&#038;p=11213"},"modified":"2025-06-18T12:48:05","modified_gmt":"2025-06-18T10:48:05","slug":"calendario-perpetuo-madera-metacrilato","status":"publish","type":"product","link":"https:\/\/manosinkietas.com\/en\/product\/calendario-perpetuo-madera-metacrilato\/","title":{"rendered":"Calendario Perpetuo de Madera y Metacrilato Transparente"},"content":{"rendered":"<p>Espectacular calendario perpetuo de madera y metacrilato transparente.<\/p>\n<p>Este bonito calendario es de madera de 3mm y se puede personalizar con el nombre o frase que quieras. La frase o nombre estar\u00eda grabada en la pieza de madera con los d\u00edas de la semana. Este original calendario consta de 2 piezas que se deslizas para que escojas el mes y la estructura de d\u00edas y semana que corresponde a ese mes. <\/p>\n<p>Medidas: <\/p>\n<p>10 cm de alto x 19 cm de ancho<\/p>\n<p>*****************************************<\/p>\n<p>Por favor, preg\u00fantanos si tienes alguna duda acerca de nuestros productos. Estamos felices de atenderte. Recordatorio: esta es una peque\u00f1a tienda de emprendedores y el tiempo invertido en crear nuestras piezas \u00fanicas tambi\u00e9n tiene valor. \u00bfTe gustan nuestros productos? Echa un vistazo a la tienda:<\/p>","protected":false},"excerpt":{"rendered":"<p>Espectacular calendario perpetuo de madera y metacrilato transparente.<\/p>","protected":false},"featured_media":11217,"comment_status":"open","ping_status":"closed","template":"","meta":{"_acf_changed":false},"product_brand":[],"product_cat":[133],"product_tag":[788,1174,1180,49,1175,1176,668,1179,754,911,69,196,1137,72,270,1177,490,1178,239],"filtro_producto":[],"class_list":{"0":"post-11213","1":"product","2":"type-product","3":"status-publish","4":"has-post-thumbnail","6":"product_cat-decoracion","7":"product_tag-calendario","8":"product_tag-calendario-perpetuo","9":"product_tag-calendario-personalizado","10":"product_tag-corte-laser","11":"product_tag-detalle","12":"product_tag-detalle-para-empresa","13":"product_tag-detalles","14":"product_tag-detalles-empresariales","15":"product_tag-detalles-personalizados","16":"product_tag-familia","17":"product_tag-grabado-laser","18":"product_tag-madera","19":"product_tag-osos","20":"product_tag-regalo-personalizado","21":"product_tag-regalos","22":"product_tag-regalos-empresariales","23":"product_tag-regalos-originales","24":"product_tag-regalos-para-empresas","25":"product_tag-regalos-personalizados","26":"product_shipping_class-cc","28":"first","29":"instock","30":"taxable","31":"shipping-taxable","32":"purchasable","33":"product-type-variable"},"acf":[],"aioseo_notices":[],"_links":{"self":[{"href":"https:\/\/manosinkietas.com\/en\/wp-json\/wp\/v2\/product\/11213","targetHints":{"allow":["GET"]}}],"collection":[{"href":"https:\/\/manosinkietas.com\/en\/wp-json\/wp\/v2\/product"}],"about":[{"href":"https:\/\/manosinkietas.com\/en\/wp-json\/wp\/v2\/types\/product"}],"replies":[{"embeddable":true,"href":"https:\/\/manosinkietas.com\/en\/wp-json\/wp\/v2\/comments?post=11213"}],"version-history":[{"count":1,"href":"https:\/\/manosinkietas.com\/en\/wp-json\/wp\/v2\/product\/11213\/revisions"}],"predecessor-version":[{"id":11226,"href":"https:\/\/manosinkietas.com\/en\/wp-json\/wp\/v2\/product\/11213\/revisions\/11226"}],"wp:featuredmedia":[{"embeddable":true,"href":"https:\/\/manosinkietas.com\/en\/wp-json\/wp\/v2\/media\/11217"}],"wp:attachment":[{"href":"https:\/\/manosinkietas.com\/en\/wp-json\/wp\/v2\/media?parent=11213"}],"wp:term":[{"taxonomy":"product_brand","embeddable":true,"href":"https:\/\/manosinkietas.com\/en\/wp-json\/wp\/v2\/product_brand?post=11213"},{"taxonomy":"product_cat","embeddable":true,"href":"https:\/\/manosinkietas.com\/en\/wp-json\/wp\/v2\/product_cat?post=11213"},{"taxonomy":"product_tag","embeddable":true,"href":"https:\/\/manosinkietas.com\/en\/wp-json\/wp\/v2\/product_tag?post=11213"},{"taxonomy":"filtro_producto","embeddable":true,"href":"https:\/\/manosinkietas.com\/en\/wp-json\/wp\/v2\/filtro_producto?post=11213"}],"curies":[{"name":"wp","href":"https:\/\/api.w.org\/{rel}","templated":true}]}}