{"id":11180,"date":"2024-11-30T18:21:17","date_gmt":"2024-11-30T17:21:17","guid":{"rendered":"https:\/\/manosinkietas.com\/?post_type=product&#038;p=11180"},"modified":"2026-03-31T18:46:31","modified_gmt":"2026-03-31T16:46:31","slug":"lamparas-ilustraciones-boho-base-madera","status":"publish","type":"product","link":"https:\/\/manosinkietas.com\/en\/product\/lamparas-ilustraciones-boho-base-madera\/","title":{"rendered":"L\u00e1mparas de Metacrilato con Ilustraciones Boho y Base de Madera"},"content":{"rendered":"<p>Preciosas l\u00e1mparas de metacrilato transparente con estilo boho y base de madera.<\/p>\n<p>Estas bonitas l\u00e1mparas son elaboradas en metacrilato transparente de 3mm. El dise\u00f1o una pieza de metacrilato transparente con grabado l\u00e1ser cuya base podemos personalizar (podemos incluir un texto, una fecha o lo que desees). Ideales como detalle para muchas ocasiones especiales. Las l\u00e1mparas boho incluyen enchufe y son perfectas para decorar espacios de tu hogar.<\/p>\n<p>Tienes 3 modelos a elegir:<\/p>\n<p>Boho 1: ALTO 16 cm x 13,2cm<br \/>\nBoho 2: ALTO 17,1 cm x 13,2 cm<br \/>\nBoho 3: ALTO 20,6 cm x 13 cm<\/p>\n<p>Medidas de la base de madera:<\/p>\n<p>Alto: 15mm<br \/>\nAncho: 110mm<\/p>\n<p>*****************************************<\/p>\n<p>Por favor, preg\u00fantanos si tienes alguna duda acerca de nuestros productos. Estamos felices de atenderte. Recordatorio: esta es una peque\u00f1a tienda de emprendedores y el tiempo invertido en crear nuestras piezas \u00fanicas tambi\u00e9n tiene valor. \u00bfTe gustan nuestros productos? Echa un vistazo a la tienda:<\/p>","protected":false},"excerpt":{"rendered":"<p>Preciosas l\u00e1mparas de metacrilato transparente con estilo boho y base de madera.<\/p>","protected":false},"featured_media":11189,"comment_status":"open","ping_status":"closed","template":"","meta":{"_acf_changed":false},"product_brand":[],"product_cat":[133],"product_tag":[1168,1170,1171,668,754,1173,1167,69,1169,922,1172,923,196,48,239],"filtro_producto":[],"class_list":{"0":"post-11180","1":"product","2":"type-product","3":"status-publish","4":"has-post-thumbnail","6":"product_cat-decoracion","7":"product_tag-boho","8":"product_tag-deco-boho","9":"product_tag-decoracion-boho","10":"product_tag-detalles","11":"product_tag-detalles-personalizados","12":"product_tag-dibujo-lineal","13":"product_tag-estilo-boho","14":"product_tag-grabado-laser","15":"product_tag-ilustracion-boho","16":"product_tag-lampara","17":"product_tag-lampara-boho","18":"product_tag-lamparas","19":"product_tag-madera","20":"product_tag-metacrilato","21":"product_tag-regalos-personalizados","22":"product_shipping_class-cc","24":"first","25":"instock","26":"taxable","27":"shipping-taxable","28":"purchasable","29":"product-type-variable"},"acf":[],"aioseo_notices":[],"_links":{"self":[{"href":"https:\/\/manosinkietas.com\/en\/wp-json\/wp\/v2\/product\/11180","targetHints":{"allow":["GET"]}}],"collection":[{"href":"https:\/\/manosinkietas.com\/en\/wp-json\/wp\/v2\/product"}],"about":[{"href":"https:\/\/manosinkietas.com\/en\/wp-json\/wp\/v2\/types\/product"}],"replies":[{"embeddable":true,"href":"https:\/\/manosinkietas.com\/en\/wp-json\/wp\/v2\/comments?post=11180"}],"version-history":[{"count":2,"href":"https:\/\/manosinkietas.com\/en\/wp-json\/wp\/v2\/product\/11180\/revisions"}],"predecessor-version":[{"id":12654,"href":"https:\/\/manosinkietas.com\/en\/wp-json\/wp\/v2\/product\/11180\/revisions\/12654"}],"wp:featuredmedia":[{"embeddable":true,"href":"https:\/\/manosinkietas.com\/en\/wp-json\/wp\/v2\/media\/11189"}],"wp:attachment":[{"href":"https:\/\/manosinkietas.com\/en\/wp-json\/wp\/v2\/media?parent=11180"}],"wp:term":[{"taxonomy":"product_brand","embeddable":true,"href":"https:\/\/manosinkietas.com\/en\/wp-json\/wp\/v2\/product_brand?post=11180"},{"taxonomy":"product_cat","embeddable":true,"href":"https:\/\/manosinkietas.com\/en\/wp-json\/wp\/v2\/product_cat?post=11180"},{"taxonomy":"product_tag","embeddable":true,"href":"https:\/\/manosinkietas.com\/en\/wp-json\/wp\/v2\/product_tag?post=11180"},{"taxonomy":"filtro_producto","embeddable":true,"href":"https:\/\/manosinkietas.com\/en\/wp-json\/wp\/v2\/filtro_producto?post=11180"}],"curies":[{"name":"wp","href":"https:\/\/api.w.org\/{rel}","templated":true}]}}