{"id":11136,"date":"2024-11-30T17:53:30","date_gmt":"2024-11-30T16:53:30","guid":{"rendered":"https:\/\/manosinkietas.com\/?post_type=product&#038;p=11136"},"modified":"2026-03-15T12:23:58","modified_gmt":"2026-03-15T11:23:58","slug":"lamparas-quitamiedos-metacrilato-base-madera","status":"publish","type":"product","link":"https:\/\/manosinkietas.com\/en\/product\/lamparas-quitamiedos-metacrilato-base-madera\/","title":{"rendered":"L\u00e1mparas Quitamiedos de Metacrilato con Base de Madera"},"content":{"rendered":"<p>Preciosas l\u00e1mparas quitamiedos de metacrilato transparente con base de madera para personalizar.<\/p>\n<p>Estas bonitas l\u00e1mparas son elaboradas en metacrilato transparente de 3mm. El dise\u00f1o una pieza de metacrilato transparente con grabado l\u00e1ser que podemos personalizar a tu gusto (con frases o un nombre). Adem\u00e1s, tambi\u00e9n podemos grabar la base de madera (que tiene luz LED) e incluir un texto, una fecha o lo que desees. Ideales como detalle para muchas ocasiones especiales. Las l\u00e1mparas personalizadas incluyen enchufe.<\/p>\n<p>Tienes 6 modelos a elegir<\/p>\n<p>Medidas de la base de madera:<\/p>\n<p>Alto: 15mm<br \/>\nAncho: 110mm<\/p>\n<p>*****************************************<\/p>\n<p>Por favor, preg\u00fantanos si tienes alguna duda acerca de nuestros productos. Estamos felices de atenderte. Recordatorio: esta es una peque\u00f1a tienda de emprendedores y el tiempo invertido en crear nuestras piezas \u00fanicas tambi\u00e9n tiene valor. \u00bfTe gustan nuestros productos? Echa un vistazo a la tienda:<\/p>","protected":false},"excerpt":{"rendered":"<p>Preciosas l\u00e1mparas quitamiedos de metacrilato transparente con base de madera para personalizar.<\/p>","protected":false},"featured_media":12268,"comment_status":"open","ping_status":"closed","template":"","meta":{"_acf_changed":false},"product_brand":[],"product_cat":[250],"product_tag":[826,258,1509,1510,927,770,1164,49,668,754,1166,538,536,69,922,926,925,924,923,196,48,1508,1163,259,817,815,239,1165],"filtro_producto":[],"class_list":{"0":"post-11136","1":"product","2":"type-product","3":"status-publish","4":"has-post-thumbnail","6":"product_cat-bebes","7":"product_tag-arcoiris","8":"product_tag-baby-shower","9":"product_tag-barco","10":"product_tag-barquito","11":"product_tag-bautizo","12":"product_tag-bebes","13":"product_tag-cohete","14":"product_tag-corte-laser","15":"product_tag-detalles","16":"product_tag-detalles-personalizados","17":"product_tag-dinosaurio","18":"product_tag-eventos","19":"product_tag-fiestas","20":"product_tag-grabado-laser","21":"product_tag-lampara","22":"product_tag-lampara-para-bebes","23":"product_tag-lampara-para-ninos","24":"product_tag-lampara-quitamiedos","25":"product_tag-lamparas","26":"product_tag-madera","27":"product_tag-metacrilato","28":"product_tag-princesa","29":"product_tag-quitamiedos","30":"product_tag-regalo-para-baby-shower","31":"product_tag-regalos-para-bautizos","32":"product_tag-regalos-para-eventos","33":"product_tag-regalos-personalizados","34":"product_tag-unicornio","35":"product_shipping_class-cc","37":"first","38":"instock","39":"taxable","40":"shipping-taxable","41":"purchasable","42":"product-type-variable"},"acf":[],"aioseo_notices":[],"_links":{"self":[{"href":"https:\/\/manosinkietas.com\/en\/wp-json\/wp\/v2\/product\/11136","targetHints":{"allow":["GET"]}}],"collection":[{"href":"https:\/\/manosinkietas.com\/en\/wp-json\/wp\/v2\/product"}],"about":[{"href":"https:\/\/manosinkietas.com\/en\/wp-json\/wp\/v2\/types\/product"}],"replies":[{"embeddable":true,"href":"https:\/\/manosinkietas.com\/en\/wp-json\/wp\/v2\/comments?post=11136"}],"version-history":[{"count":3,"href":"https:\/\/manosinkietas.com\/en\/wp-json\/wp\/v2\/product\/11136\/revisions"}],"predecessor-version":[{"id":12278,"href":"https:\/\/manosinkietas.com\/en\/wp-json\/wp\/v2\/product\/11136\/revisions\/12278"}],"wp:featuredmedia":[{"embeddable":true,"href":"https:\/\/manosinkietas.com\/en\/wp-json\/wp\/v2\/media\/12268"}],"wp:attachment":[{"href":"https:\/\/manosinkietas.com\/en\/wp-json\/wp\/v2\/media?parent=11136"}],"wp:term":[{"taxonomy":"product_brand","embeddable":true,"href":"https:\/\/manosinkietas.com\/en\/wp-json\/wp\/v2\/product_brand?post=11136"},{"taxonomy":"product_cat","embeddable":true,"href":"https:\/\/manosinkietas.com\/en\/wp-json\/wp\/v2\/product_cat?post=11136"},{"taxonomy":"product_tag","embeddable":true,"href":"https:\/\/manosinkietas.com\/en\/wp-json\/wp\/v2\/product_tag?post=11136"},{"taxonomy":"filtro_producto","embeddable":true,"href":"https:\/\/manosinkietas.com\/en\/wp-json\/wp\/v2\/filtro_producto?post=11136"}],"curies":[{"name":"wp","href":"https:\/\/api.w.org\/{rel}","templated":true}]}}