{"id":11117,"date":"2024-11-19T10:53:02","date_gmt":"2024-11-19T09:53:02","guid":{"rendered":"https:\/\/manosinkietas.com\/?post_type=product&#038;p=11117"},"modified":"2026-03-31T20:04:03","modified_gmt":"2026-03-31T18:04:03","slug":"llave-magica-papa-noel","status":"publish","type":"product","link":"https:\/\/manosinkietas.com\/en\/product\/llave-magica-papa-noel\/","title":{"rendered":"Llave M\u00e1gica para Pap\u00e1 Noel"},"content":{"rendered":"<p>Hermosa y original llave m\u00e1gica para Pap\u00e1 Noel, un bonito detalle para los peques en Nochebuena. Podemos personalizar la llave en la etiqueta de madera con el nombre de tu peque\u00f1o o peque\u00f1a. Cuenta la leyenda de Navidad que esta llave es capaz de abrir y cerrar cualquier puerta. Incluye una estrella de metacrilato oro espejo y cuerda de cuero.<\/p>\n<p>Medidas:<\/p>\n<p>Llave: 12cm x 4,55cm<br \/>\nEtiqueta: 5cm x 2,85cm<br \/>\nEstrella: 2,72cm x 2cm<\/p>\n<p>*****************************************<\/p>\n<p>Por favor, preg\u00fantanos si tienes alguna duda acerca de nuestros productos. Estamos felices de atenderte.<\/p>\n<p>Recordatorio: esta es una peque\u00f1a tienda de emprendedores y el tiempo invertido en crear nuestras piezas \u00fanicas tambi\u00e9n tiene valor.<\/p>\n<p>\u00bfTe gustan nuestros productos? Echa un vistazo a la tienda:<\/p>","protected":false},"excerpt":{"rendered":"<p>Hermosa y original llave m\u00e1gica para Pap\u00e1 Noel, un bonito detalle para los peques en Nochebuena.<\/p>","protected":false},"featured_media":11123,"comment_status":"open","ping_status":"closed","template":"","meta":{"_acf_changed":false},"product_brand":[],"product_cat":[704,56],"product_tag":[49,668,1162,754,1160,69,1154,1155,1156,1157,1158,155,1161,1159,786,855,270,824,239,787,970],"filtro_producto":[],"class_list":{"0":"post-11117","1":"product","2":"type-product","3":"status-publish","4":"has-post-thumbnail","6":"product_cat-adornos-de-navidad","7":"product_cat-navidad-y-ano-nuevo","8":"product_tag-corte-laser","9":"product_tag-detalles","10":"product_tag-detalles-de-navidad","11":"product_tag-detalles-personalizados","12":"product_tag-feliz-navidad","13":"product_tag-grabado-laser","14":"product_tag-lasercut","15":"product_tag-lasercutting","16":"product_tag-llave","17":"product_tag-llave-magica","18":"product_tag-llave-magica-para-papa-noel","19":"product_tag-navidad","20":"product_tag-nochebuena","21":"product_tag-noel","22":"product_tag-papa-noel","23":"product_tag-peques","24":"product_tag-regalos","25":"product_tag-regalos-para-peques","26":"product_tag-regalos-personalizados","27":"product_tag-santa","28":"product_tag-santa-claus","29":"product_shipping_class-cc","31":"first","32":"instock","33":"featured","34":"taxable","35":"shipping-taxable","36":"purchasable","37":"product-type-variable"},"acf":[],"aioseo_notices":[],"_links":{"self":[{"href":"https:\/\/manosinkietas.com\/en\/wp-json\/wp\/v2\/product\/11117","targetHints":{"allow":["GET"]}}],"collection":[{"href":"https:\/\/manosinkietas.com\/en\/wp-json\/wp\/v2\/product"}],"about":[{"href":"https:\/\/manosinkietas.com\/en\/wp-json\/wp\/v2\/types\/product"}],"replies":[{"embeddable":true,"href":"https:\/\/manosinkietas.com\/en\/wp-json\/wp\/v2\/comments?post=11117"}],"version-history":[{"count":3,"href":"https:\/\/manosinkietas.com\/en\/wp-json\/wp\/v2\/product\/11117\/revisions"}],"predecessor-version":[{"id":12657,"href":"https:\/\/manosinkietas.com\/en\/wp-json\/wp\/v2\/product\/11117\/revisions\/12657"}],"wp:featuredmedia":[{"embeddable":true,"href":"https:\/\/manosinkietas.com\/en\/wp-json\/wp\/v2\/media\/11123"}],"wp:attachment":[{"href":"https:\/\/manosinkietas.com\/en\/wp-json\/wp\/v2\/media?parent=11117"}],"wp:term":[{"taxonomy":"product_brand","embeddable":true,"href":"https:\/\/manosinkietas.com\/en\/wp-json\/wp\/v2\/product_brand?post=11117"},{"taxonomy":"product_cat","embeddable":true,"href":"https:\/\/manosinkietas.com\/en\/wp-json\/wp\/v2\/product_cat?post=11117"},{"taxonomy":"product_tag","embeddable":true,"href":"https:\/\/manosinkietas.com\/en\/wp-json\/wp\/v2\/product_tag?post=11117"},{"taxonomy":"filtro_producto","embeddable":true,"href":"https:\/\/manosinkietas.com\/en\/wp-json\/wp\/v2\/filtro_producto?post=11117"}],"curies":[{"name":"wp","href":"https:\/\/api.w.org\/{rel}","templated":true}]}}