{"id":11030,"date":"2024-09-10T10:54:18","date_gmt":"2024-09-10T08:54:18","guid":{"rendered":"https:\/\/manosinkietas.com\/?post_type=product&#038;p=11030"},"modified":"2026-03-31T18:52:38","modified_gmt":"2026-03-31T16:52:38","slug":"marco-con-profundidad-placa-grabada-flores-preservadas","status":"publish","type":"product","link":"https:\/\/manosinkietas.com\/en\/product\/marco-con-profundidad-placa-grabada-flores-preservadas\/","title":{"rendered":"Marco con Profundidad con Placa Grabada y Flores Preservadas"},"content":{"rendered":"<p>Precioso marco con profundidad con placa grabada y flores preservadas.<\/p>\n<p>Esta hermosa pieza consta de una placa de madera contrachapado con mensaje grabado a l\u00e1ser que podemos personalizar a tu gusto y que va dentro de un marco que contrasta con la placa, con la suficiente profundidad para incluir un mini ramo de flores. Ideal como detalle de parte de los novios a sus madres, hermanas, amigos, etc.<\/p>\n<p>Medidas del marco:<\/p>\n<p>23x23cm<\/p>\n<p>Tiempo de preparaci\u00f3n: 8 a 10 d\u00edas laborables, dependiendo de la temporada (si es temporada de eventos, podr\u00eda tardar un poco m\u00e1s, gracias por la comprensi\u00f3n \ud83d\ude42 )<\/p>\n<p>Las \u00faltimas 5 fotos son de D&#8217;Carmen Dise\u00f1o Floral (Lugo)<\/p>\n<p>*****************************************<\/p>\n<p>Por favor, preg\u00fantanos si tienes alguna duda acerca de nuestros productos. Estamos felices de atenderte. Recordatorio: esta es una peque\u00f1a tienda de emprendedores y el tiempo invertido en crear nuestras piezas \u00fanicas tambi\u00e9n tiene valor. \u00bfTe gustan nuestros productos? Echa un vistazo a la tienda:<\/p>","protected":false},"excerpt":{"rendered":"<p>Precioso marco con profundidad con placa grabada y flores preservadas.<\/p>","protected":false},"featured_media":11031,"comment_status":"open","ping_status":"closed","template":"","meta":{"_acf_changed":false},"product_brand":[],"product_cat":[36,703],"product_tag":[874,550,49,878,877,538,69,196,1042,1148,1150,1146,494,1147,1149,875,876,222,881,884,882,885,1106,1097,548,816,815],"filtro_producto":[],"class_list":{"0":"post-11030","1":"product","2":"type-product","3":"status-publish","4":"has-post-thumbnail","6":"product_cat-celebracion","7":"product_cat-menaje","8":"product_tag-boda","9":"product_tag-bodas","10":"product_tag-corte-laser","11":"product_tag-detalles-para-bodas","12":"product_tag-detalles-para-novios","13":"product_tag-eventos","14":"product_tag-grabado-laser","15":"product_tag-madera","16":"product_tag-marco","17":"product_tag-marco-con-flores-preservadas","18":"product_tag-marco-con-mini-ramo-de-novia","19":"product_tag-marco-con-profundidad","20":"product_tag-marco-de-fotos","21":"product_tag-marcocon-flores","22":"product_tag-mini-ramo-de-novia","23":"product_tag-novia","24":"product_tag-novio","25":"product_tag-novios","26":"product_tag-placas","27":"product_tag-placas-de-boda","28":"product_tag-placas-de-madera","29":"product_tag-placas-personalizadas","30":"product_tag-ramo-de-novia","31":"product_tag-recuerdos-para-bodas","32":"product_tag-recuerdos-para-eventos","33":"product_tag-regalos-para-bodas","34":"product_tag-regalos-para-eventos","35":"product_shipping_class-cc","37":"first","38":"instock","39":"taxable","40":"shipping-taxable","41":"purchasable","42":"product-type-variable"},"acf":[],"aioseo_notices":[],"_links":{"self":[{"href":"https:\/\/manosinkietas.com\/en\/wp-json\/wp\/v2\/product\/11030","targetHints":{"allow":["GET"]}}],"collection":[{"href":"https:\/\/manosinkietas.com\/en\/wp-json\/wp\/v2\/product"}],"about":[{"href":"https:\/\/manosinkietas.com\/en\/wp-json\/wp\/v2\/types\/product"}],"replies":[{"embeddable":true,"href":"https:\/\/manosinkietas.com\/en\/wp-json\/wp\/v2\/comments?post=11030"}],"version-history":[{"count":5,"href":"https:\/\/manosinkietas.com\/en\/wp-json\/wp\/v2\/product\/11030\/revisions"}],"predecessor-version":[{"id":11047,"href":"https:\/\/manosinkietas.com\/en\/wp-json\/wp\/v2\/product\/11030\/revisions\/11047"}],"wp:featuredmedia":[{"embeddable":true,"href":"https:\/\/manosinkietas.com\/en\/wp-json\/wp\/v2\/media\/11031"}],"wp:attachment":[{"href":"https:\/\/manosinkietas.com\/en\/wp-json\/wp\/v2\/media?parent=11030"}],"wp:term":[{"taxonomy":"product_brand","embeddable":true,"href":"https:\/\/manosinkietas.com\/en\/wp-json\/wp\/v2\/product_brand?post=11030"},{"taxonomy":"product_cat","embeddable":true,"href":"https:\/\/manosinkietas.com\/en\/wp-json\/wp\/v2\/product_cat?post=11030"},{"taxonomy":"product_tag","embeddable":true,"href":"https:\/\/manosinkietas.com\/en\/wp-json\/wp\/v2\/product_tag?post=11030"},{"taxonomy":"filtro_producto","embeddable":true,"href":"https:\/\/manosinkietas.com\/en\/wp-json\/wp\/v2\/filtro_producto?post=11030"}],"curies":[{"name":"wp","href":"https:\/\/api.w.org\/{rel}","templated":true}]}}