{"id":11017,"date":"2024-09-02T14:27:14","date_gmt":"2024-09-02T12:27:14","guid":{"rendered":"https:\/\/manosinkietas.com\/?post_type=product&#038;p=11017"},"modified":"2026-02-11T10:48:39","modified_gmt":"2026-02-11T09:48:39","slug":"marco-madera-ecografia-anuncio-embarazo","status":"publish","type":"product","link":"https:\/\/manosinkietas.com\/en\/product\/marco-madera-ecografia-anuncio-embarazo\/","title":{"rendered":"Marco de Madera para Ecograf\u00eda Anuncio Embarazo"},"content":{"rendered":"<p>Preciosos marcos de madera para exhibir la ecograf\u00eda de tu beb\u00e9 y anunciar tu embarazo.<\/p>\n<p>Estos bonitos marcos son elaboradas en madera contrachapado de 3mm. En los marcos puedes incluir la foto de la ecograf\u00eda para anunciar tu embarazo a tu pareja o familiares. El dise\u00f1o es grabado a l\u00e1ser y consta de un saquito con medallita con mensaje grabado.<\/p>\n<p>Medidas:<\/p>\n<p>12cm alto x 10,46cm ancho<\/p>\n<p>Medidas para la imagen de la ecograf\u00eda:<\/p>\n<p>9cm x 6cm<\/p>\n<p>*****************************************<\/p>\n<p>Por favor, preg\u00fantanos si tienes alguna duda acerca de nuestros productos. Estamos felices de atenderte. Recordatorio: esta es una peque\u00f1a tienda de emprendedores y el tiempo invertido en crear nuestras piezas \u00fanicas tambi\u00e9n tiene valor. \u00bfTe gustan nuestros productos? Echa un vistazo a la tienda:<\/p>","protected":false},"excerpt":{"rendered":"<p>Preciosos marcos de madera para exhibir la ecograf\u00eda de tu beb\u00e9 y anunciar tu embarazo.<\/p>","protected":false},"featured_media":11020,"comment_status":"open","ping_status":"closed","template":"","meta":{"_acf_changed":false},"product_brand":[],"product_cat":[250,701],"product_tag":[897,258,254,49,1140,1139,896,69,196,494,290,311,881,882,769,253,771,899,898,1141,901,900,1142,1143],"filtro_producto":[],"class_list":{"0":"post-11017","1":"product","2":"type-product","3":"status-publish","4":"has-post-thumbnail","6":"product_cat-bebes","7":"product_cat-placas-personalizadas","8":"product_tag-anuncio-de-embarazo","9":"product_tag-baby-shower","10":"product_tag-bebe","11":"product_tag-corte-laser","12":"product_tag-eco","13":"product_tag-ecografia","14":"product_tag-embarazo","15":"product_tag-grabado-laser","16":"product_tag-madera","17":"product_tag-marco-de-fotos","18":"product_tag-mdf","19":"product_tag-placa-para-bebe","20":"product_tag-placas","21":"product_tag-placas-de-madera","22":"product_tag-placas-para-bebes","23":"product_tag-regalo-para-bebe","24":"product_tag-regalos-para-bebes","25":"product_tag-vas-a-ser-abuela","26":"product_tag-vas-a-ser-abuelo","27":"product_tag-vas-a-ser-papa","28":"product_tag-vas-a-ser-tia","29":"product_tag-vas-a-ser-tio","30":"product_tag-vas-a-tener-un-hermanito","31":"product_tag-vas-a-tener-una-hermanita","32":"product_shipping_class-cc","34":"first","35":"instock","36":"taxable","37":"shipping-taxable","38":"purchasable","39":"product-type-simple"},"acf":[],"aioseo_notices":[],"_links":{"self":[{"href":"https:\/\/manosinkietas.com\/en\/wp-json\/wp\/v2\/product\/11017","targetHints":{"allow":["GET"]}}],"collection":[{"href":"https:\/\/manosinkietas.com\/en\/wp-json\/wp\/v2\/product"}],"about":[{"href":"https:\/\/manosinkietas.com\/en\/wp-json\/wp\/v2\/types\/product"}],"replies":[{"embeddable":true,"href":"https:\/\/manosinkietas.com\/en\/wp-json\/wp\/v2\/comments?post=11017"}],"version-history":[{"count":3,"href":"https:\/\/manosinkietas.com\/en\/wp-json\/wp\/v2\/product\/11017\/revisions"}],"predecessor-version":[{"id":12114,"href":"https:\/\/manosinkietas.com\/en\/wp-json\/wp\/v2\/product\/11017\/revisions\/12114"}],"wp:featuredmedia":[{"embeddable":true,"href":"https:\/\/manosinkietas.com\/en\/wp-json\/wp\/v2\/media\/11020"}],"wp:attachment":[{"href":"https:\/\/manosinkietas.com\/en\/wp-json\/wp\/v2\/media?parent=11017"}],"wp:term":[{"taxonomy":"product_brand","embeddable":true,"href":"https:\/\/manosinkietas.com\/en\/wp-json\/wp\/v2\/product_brand?post=11017"},{"taxonomy":"product_cat","embeddable":true,"href":"https:\/\/manosinkietas.com\/en\/wp-json\/wp\/v2\/product_cat?post=11017"},{"taxonomy":"product_tag","embeddable":true,"href":"https:\/\/manosinkietas.com\/en\/wp-json\/wp\/v2\/product_tag?post=11017"},{"taxonomy":"filtro_producto","embeddable":true,"href":"https:\/\/manosinkietas.com\/en\/wp-json\/wp\/v2\/filtro_producto?post=11017"}],"curies":[{"name":"wp","href":"https:\/\/api.w.org\/{rel}","templated":true}]}}