{"id":10946,"date":"2024-07-01T15:11:03","date_gmt":"2024-07-01T13:11:03","guid":{"rendered":"https:\/\/manosinkietas.com\/?post_type=product&#038;p=10946"},"modified":"2024-07-19T15:30:51","modified_gmt":"2024-07-19T13:30:51","slug":"boligrafos-madera-caja-madera-para-personalizar","status":"publish","type":"product","link":"https:\/\/manosinkietas.com\/en\/product\/boligrafos-madera-caja-madera-para-personalizar\/","title":{"rendered":"Bol\u00edgrafos de Madera con Caja de Madera Para Personalizar"},"content":{"rendered":"<p>Hermosos bol\u00edgrafos de madera en caja de madera para testigos de tu boda.<\/p>\n<p>Podemos grabar tanto el bol\u00edgrafo como la caja con el texto y \/ o dise\u00f1o que quieras. Ideales para regalar a los testigos de la boda, una idea genial como detalle para los testigos de la boda civil. El grabado puede ser en la parte superior de la caja, en un lado de la parte interior de la caja y en el propio bol\u00edgrafo.<\/p>\n<p>Dimensiones de la caja: 150 x 55mm<br \/>\nDimensiones del bol\u00edgrafo: 12 x 140mm<\/p>\n<p>La caja y el bol\u00edgrafo son de madera natural por lo que es muy probable que presente manchas, vetas, entre otras marcas propias de una pieza de madera.<\/p>\n<p>Tiempo de preparaci\u00f3n: 8 a 10 d\u00edas laborables<\/p>\n<p>*****************************************<\/p>\n<p>Por favor, preg\u00fantanos si tienes alguna duda acerca de nuestros productos. Estamos felices de atenderte.<\/p>\n<p>Recordatorio: esta es una peque\u00f1a tienda de emprendedores y el tiempo invertido en crear nuestras piezas \u00fanicas tambi\u00e9n tiene valor.<\/p>\n<p>\u00bfTe gustan nuestros productos? Echa un vistazo a la tienda:<\/p>","protected":false},"excerpt":{"rendered":"<p>Hermosos bol\u00edgrafos de madera en caja de madera para testigos de tu boda.<\/p>","protected":false},"featured_media":10949,"comment_status":"open","ping_status":"closed","template":"","meta":{"_acf_changed":false},"product_brand":[],"product_cat":[698],"product_tag":[874,1129,550,547,49,668,1128,878,1124,69,196,1097,1064,816,1127,1126,1125],"filtro_producto":[],"class_list":{"0":"post-10946","1":"product","2":"type-product","3":"status-publish","4":"has-post-thumbnail","6":"product_cat-boligrafos-lapices","7":"product_tag-boda","8":"product_tag-boda-civil","9":"product_tag-bodas","10":"product_tag-boligrafos-personalizados","11":"product_tag-corte-laser","12":"product_tag-detalles","13":"product_tag-detalles-de-boda","14":"product_tag-detalles-para-bodas","15":"product_tag-detalles-para-testigos","16":"product_tag-grabado-laser","17":"product_tag-madera","18":"product_tag-recuerdos-para-bodas","19":"product_tag-regalo-de-boda","20":"product_tag-regalos-para-bodas","21":"product_tag-regalos-para-testigos","22":"product_tag-testigos","23":"product_tag-testigos-de-boda","24":"product_shipping_class-cc","26":"first","27":"instock","28":"taxable","29":"shipping-taxable","30":"purchasable","31":"product-type-simple"},"acf":[],"aioseo_notices":[],"_links":{"self":[{"href":"https:\/\/manosinkietas.com\/en\/wp-json\/wp\/v2\/product\/10946","targetHints":{"allow":["GET"]}}],"collection":[{"href":"https:\/\/manosinkietas.com\/en\/wp-json\/wp\/v2\/product"}],"about":[{"href":"https:\/\/manosinkietas.com\/en\/wp-json\/wp\/v2\/types\/product"}],"replies":[{"embeddable":true,"href":"https:\/\/manosinkietas.com\/en\/wp-json\/wp\/v2\/comments?post=10946"}],"version-history":[{"count":2,"href":"https:\/\/manosinkietas.com\/en\/wp-json\/wp\/v2\/product\/10946\/revisions"}],"predecessor-version":[{"id":10956,"href":"https:\/\/manosinkietas.com\/en\/wp-json\/wp\/v2\/product\/10946\/revisions\/10956"}],"wp:featuredmedia":[{"embeddable":true,"href":"https:\/\/manosinkietas.com\/en\/wp-json\/wp\/v2\/media\/10949"}],"wp:attachment":[{"href":"https:\/\/manosinkietas.com\/en\/wp-json\/wp\/v2\/media?parent=10946"}],"wp:term":[{"taxonomy":"product_brand","embeddable":true,"href":"https:\/\/manosinkietas.com\/en\/wp-json\/wp\/v2\/product_brand?post=10946"},{"taxonomy":"product_cat","embeddable":true,"href":"https:\/\/manosinkietas.com\/en\/wp-json\/wp\/v2\/product_cat?post=10946"},{"taxonomy":"product_tag","embeddable":true,"href":"https:\/\/manosinkietas.com\/en\/wp-json\/wp\/v2\/product_tag?post=10946"},{"taxonomy":"filtro_producto","embeddable":true,"href":"https:\/\/manosinkietas.com\/en\/wp-json\/wp\/v2\/filtro_producto?post=10946"}],"curies":[{"name":"wp","href":"https:\/\/api.w.org\/{rel}","templated":true}]}}