{"id":10926,"date":"2024-06-24T17:08:32","date_gmt":"2024-06-24T15:08:32","guid":{"rendered":"https:\/\/manosinkietas.com\/?post_type=product&#038;p=10926"},"modified":"2026-01-28T20:38:07","modified_gmt":"2026-01-28T19:38:07","slug":"rodaja-madera-grabada-boda","status":"publish","type":"product","link":"https:\/\/manosinkietas.com\/en\/product\/rodaja-madera-grabada-boda\/","title":{"rendered":"Rodaja de Madera Grabada para Boda"},"content":{"rendered":"<p>Hermosa rodaja de madera personalizada para bodas.<\/p>\n<p>Podemos grabar la rodaja con el texto y \/ o dise\u00f1o que quieras. Ideales para decorar alg\u00fan espacio de la ceremonia, para llevar las alianzas, para llevar las arras&#8230; las puedes usar para lo que quieras!<\/p>\n<p>Dimensiones de la rodaja, aproximadamente: 17-18cm de di\u00e1metro.<\/p>\n<p>La rodaja es de madera natural por lo que es muy probable que presente manchas, vetas, entre otras marcas propias de una pieza de madera.<\/p>\n<p>Tiempo de preparaci\u00f3n: 8 a 10 d\u00edas laborables<\/p>\n<p>*****************************************<\/p>\n<p>Por favor, preg\u00fantanos si tienes alguna duda acerca de nuestros productos. Estamos felices de atenderte.<\/p>\n<p>Recordatorio: esta es una peque\u00f1a tienda de emprendedores y el tiempo invertido en crear nuestras piezas \u00fanicas tambi\u00e9n tiene valor.<\/p>\n<p>\u00bfTe gustan nuestros productos? Echa un vistazo a la tienda:<\/p>","protected":false},"excerpt":{"rendered":"<p>Hermosa rodaja de madera personalizada para bodas.<\/p>","protected":false},"featured_media":11563,"comment_status":"open","ping_status":"closed","template":"","meta":{"_acf_changed":false},"product_brand":[],"product_cat":[703],"product_tag":[888,1123,874,550,49,878,877,69,196,1122,1097,1064,816,1117,831,1118,1119,1120,1121],"filtro_producto":[694,149],"class_list":{"0":"post-10926","1":"product","2":"type-product","3":"status-publish","4":"has-post-thumbnail","6":"product_cat-menaje","7":"product_tag-alianzas","8":"product_tag-arras","9":"product_tag-boda","10":"product_tag-bodas","11":"product_tag-corte-laser","12":"product_tag-detalles-para-bodas","13":"product_tag-detalles-para-novios","14":"product_tag-grabado-laser","15":"product_tag-madera","16":"product_tag-porta-arras","17":"product_tag-recuerdos-para-bodas","18":"product_tag-regalo-de-boda","19":"product_tag-regalos-para-bodas","20":"product_tag-rodaaja","21":"product_tag-rodaja-de-madera","22":"product_tag-rodaja-personalizada","23":"product_tag-rodaja-personalizada-para-boda","24":"product_tag-rodaja-porta-alianzas","25":"product_tag-rodaja-porta-arras","26":"product_shipping_class-cc","27":"filtro_producto-los","28":"filtro_producto-mas-vendido","30":"first","31":"instock","32":"taxable","33":"shipping-taxable","34":"purchasable","35":"product-type-simple"},"acf":[],"aioseo_notices":[],"_links":{"self":[{"href":"https:\/\/manosinkietas.com\/en\/wp-json\/wp\/v2\/product\/10926","targetHints":{"allow":["GET"]}}],"collection":[{"href":"https:\/\/manosinkietas.com\/en\/wp-json\/wp\/v2\/product"}],"about":[{"href":"https:\/\/manosinkietas.com\/en\/wp-json\/wp\/v2\/types\/product"}],"replies":[{"embeddable":true,"href":"https:\/\/manosinkietas.com\/en\/wp-json\/wp\/v2\/comments?post=10926"}],"version-history":[{"count":1,"href":"https:\/\/manosinkietas.com\/en\/wp-json\/wp\/v2\/product\/10926\/revisions"}],"predecessor-version":[{"id":10930,"href":"https:\/\/manosinkietas.com\/en\/wp-json\/wp\/v2\/product\/10926\/revisions\/10930"}],"wp:featuredmedia":[{"embeddable":true,"href":"https:\/\/manosinkietas.com\/en\/wp-json\/wp\/v2\/media\/11563"}],"wp:attachment":[{"href":"https:\/\/manosinkietas.com\/en\/wp-json\/wp\/v2\/media?parent=10926"}],"wp:term":[{"taxonomy":"product_brand","embeddable":true,"href":"https:\/\/manosinkietas.com\/en\/wp-json\/wp\/v2\/product_brand?post=10926"},{"taxonomy":"product_cat","embeddable":true,"href":"https:\/\/manosinkietas.com\/en\/wp-json\/wp\/v2\/product_cat?post=10926"},{"taxonomy":"product_tag","embeddable":true,"href":"https:\/\/manosinkietas.com\/en\/wp-json\/wp\/v2\/product_tag?post=10926"},{"taxonomy":"filtro_producto","embeddable":true,"href":"https:\/\/manosinkietas.com\/en\/wp-json\/wp\/v2\/filtro_producto?post=10926"}],"curies":[{"name":"wp","href":"https:\/\/api.w.org\/{rel}","templated":true}]}}