{"id":10921,"date":"2024-06-24T16:54:32","date_gmt":"2024-06-24T14:54:32","guid":{"rendered":"https:\/\/manosinkietas.com\/?post_type=product&#038;p=10921"},"modified":"2024-06-24T17:07:53","modified_gmt":"2024-06-24T15:07:53","slug":"perchas-madera-para-bodas","status":"publish","type":"product","link":"https:\/\/manosinkietas.com\/en\/product\/perchas-madera-para-bodas\/","title":{"rendered":"Perchas de Madera para Bodas"},"content":{"rendered":"<p>Hermosas perchas de madera personalizadas para novia y novio en su boda.<\/p>\n<p>Podemos grabar las perchas con el texto que quieras. Ideales para fotografiar el vestido de novia o el traje de novio. <\/p>\n<p>El art\u00edculo corresponde al par de perchas. <\/p>\n<p>Medidas de la percha: 1,2 x 44,5 x 23cm.<\/p>\n<p>Tiempo de preparaci\u00f3n: 8 a 10 d\u00edas laborables<\/p>\n<p>*****************************************<\/p>\n<p>Por favor, preg\u00fantanos si tienes alguna duda acerca de nuestros productos. Estamos felices de atenderte.<\/p>\n<p>Recordatorio: esta es una peque\u00f1a tienda de emprendedores y el tiempo invertido en crear nuestras piezas \u00fanicas tambi\u00e9n tiene valor.<\/p>\n<p>\u00bfTe gustan nuestros productos? Echa un vistazo a la tienda:<\/p>","protected":false},"excerpt":{"rendered":"<p>Hermosas perchas de madera personalizadas para novio \/ novia en su boda.<\/p>","protected":false},"featured_media":10922,"comment_status":"open","ping_status":"closed","template":"","meta":{"_acf_changed":false},"product_brand":[],"product_cat":[703],"product_tag":[874,550,49,878,877,69,196,1115,1113,1114,488,1116,1112,1111,1097,1064,816],"filtro_producto":[],"class_list":{"0":"post-10921","1":"product","2":"type-product","3":"status-publish","4":"has-post-thumbnail","6":"product_cat-menaje","7":"product_tag-boda","8":"product_tag-bodas","9":"product_tag-corte-laser","10":"product_tag-detalles-para-bodas","11":"product_tag-detalles-para-novios","12":"product_tag-grabado-laser","13":"product_tag-madera","14":"product_tag-percha-grabada","15":"product_tag-percha-para-nocia","16":"product_tag-percha-para-novio","17":"product_tag-perchas","18":"product_tag-perchas-grabadas","19":"product_tag-perchas-para-bodas","20":"product_tag-perchas-personalizadas","21":"product_tag-recuerdos-para-bodas","22":"product_tag-regalo-de-boda","23":"product_tag-regalos-para-bodas","24":"product_shipping_class-cc","26":"first","27":"instock","28":"taxable","29":"shipping-taxable","30":"purchasable","31":"product-type-simple"},"acf":[],"aioseo_notices":[],"_links":{"self":[{"href":"https:\/\/manosinkietas.com\/en\/wp-json\/wp\/v2\/product\/10921","targetHints":{"allow":["GET"]}}],"collection":[{"href":"https:\/\/manosinkietas.com\/en\/wp-json\/wp\/v2\/product"}],"about":[{"href":"https:\/\/manosinkietas.com\/en\/wp-json\/wp\/v2\/types\/product"}],"replies":[{"embeddable":true,"href":"https:\/\/manosinkietas.com\/en\/wp-json\/wp\/v2\/comments?post=10921"}],"version-history":[{"count":1,"href":"https:\/\/manosinkietas.com\/en\/wp-json\/wp\/v2\/product\/10921\/revisions"}],"predecessor-version":[{"id":10925,"href":"https:\/\/manosinkietas.com\/en\/wp-json\/wp\/v2\/product\/10921\/revisions\/10925"}],"wp:featuredmedia":[{"embeddable":true,"href":"https:\/\/manosinkietas.com\/en\/wp-json\/wp\/v2\/media\/10922"}],"wp:attachment":[{"href":"https:\/\/manosinkietas.com\/en\/wp-json\/wp\/v2\/media?parent=10921"}],"wp:term":[{"taxonomy":"product_brand","embeddable":true,"href":"https:\/\/manosinkietas.com\/en\/wp-json\/wp\/v2\/product_brand?post=10921"},{"taxonomy":"product_cat","embeddable":true,"href":"https:\/\/manosinkietas.com\/en\/wp-json\/wp\/v2\/product_cat?post=10921"},{"taxonomy":"product_tag","embeddable":true,"href":"https:\/\/manosinkietas.com\/en\/wp-json\/wp\/v2\/product_tag?post=10921"},{"taxonomy":"filtro_producto","embeddable":true,"href":"https:\/\/manosinkietas.com\/en\/wp-json\/wp\/v2\/filtro_producto?post=10921"}],"curies":[{"name":"wp","href":"https:\/\/api.w.org\/{rel}","templated":true}]}}