{"id":10901,"date":"2024-06-08T23:57:08","date_gmt":"2024-06-08T21:57:08","guid":{"rendered":"https:\/\/manosinkietas.com\/?post_type=product&#038;p=10901"},"modified":"2026-03-09T10:02:49","modified_gmt":"2026-03-09T09:02:49","slug":"medallas-ramos-de-novia","status":"publish","type":"product","link":"https:\/\/manosinkietas.com\/en\/product\/medallas-ramos-de-novia\/","title":{"rendered":"Medallas para Ramos de Novia"},"content":{"rendered":"<p>Preciosas medallas para ramos de novia que puedes personalizar a tu gusto.<\/p>\n<p>Son perfectas como homenaje a alg\u00fan familiar fallecido o como detalles para amistades o seres queridos en la boda. Las hacemos de madera o metacrilato y grabamos la frase que elijas.<\/p>\n<p>Tienes dos modelos a elegir:<\/p>\n<p>Con Foto (3,5 cm de di\u00e1metro)<br \/>\nSin Foto (3cm de di\u00e1metro)<\/p>\n<p>Incluye 1 metro de cinta de terciopelo y arito para colgar.<\/p>\n<p>Tiempo de preparaci\u00f3n: 8 a 10 d\u00edas laborables<\/p>\n<p>*****************************************<\/p>\n<p>Por favor, preg\u00fantanos si tienes alguna duda acerca de nuestros productos. Estamos felices de atenderte.<\/p>\n<p>Recordatorio: esta es una peque\u00f1a tienda de emprendedores y el tiempo invertido en crear nuestras piezas \u00fanicas tambi\u00e9n tiene valor.<\/p>\n<p>\u00bfTe gustan nuestros productos? Echa un vistazo a la tienda:<\/p>","protected":false},"excerpt":{"rendered":"<p>Preciosas medallas para ramos de novia que puedes personalizar a tu gusto.<\/p>","protected":false},"featured_media":10912,"comment_status":"open","ping_status":"closed","template":"","meta":{"_acf_changed":false},"product_brand":[],"product_cat":[36,702],"product_tag":[847,874,550,1107,1109,49,878,69,1104,1108,1103,1105,1106,1097,451,1110,816,239],"filtro_producto":[],"class_list":{"0":"post-10901","1":"product","2":"type-product","3":"status-publish","4":"has-post-thumbnail","6":"product_cat-celebracion","7":"product_cat-tematico","8":"product_tag-amistad","9":"product_tag-boda","10":"product_tag-bodas","11":"product_tag-bouquet","12":"product_tag-bouquet-de-novia","13":"product_tag-corte-laser","14":"product_tag-detalles-para-bodas","15":"product_tag-grabado-laser","16":"product_tag-medalla","17":"product_tag-medalla-para-bouquet","18":"product_tag-medalla-para-ramo-de-novia","19":"product_tag-medallita","20":"product_tag-ramo-de-novia","21":"product_tag-recuerdos-para-bodas","22":"product_tag-regalo","23":"product_tag-regalos-de-bodas","24":"product_tag-regalos-para-bodas","25":"product_tag-regalos-personalizados","26":"product_shipping_class-cc","28":"first","29":"instock","30":"taxable","31":"shipping-taxable","32":"purchasable","33":"product-type-variable"},"acf":[],"aioseo_notices":[],"_links":{"self":[{"href":"https:\/\/manosinkietas.com\/en\/wp-json\/wp\/v2\/product\/10901","targetHints":{"allow":["GET"]}}],"collection":[{"href":"https:\/\/manosinkietas.com\/en\/wp-json\/wp\/v2\/product"}],"about":[{"href":"https:\/\/manosinkietas.com\/en\/wp-json\/wp\/v2\/types\/product"}],"replies":[{"embeddable":true,"href":"https:\/\/manosinkietas.com\/en\/wp-json\/wp\/v2\/comments?post=10901"}],"version-history":[{"count":3,"href":"https:\/\/manosinkietas.com\/en\/wp-json\/wp\/v2\/product\/10901\/revisions"}],"predecessor-version":[{"id":12614,"href":"https:\/\/manosinkietas.com\/en\/wp-json\/wp\/v2\/product\/10901\/revisions\/12614"}],"wp:featuredmedia":[{"embeddable":true,"href":"https:\/\/manosinkietas.com\/en\/wp-json\/wp\/v2\/media\/10912"}],"wp:attachment":[{"href":"https:\/\/manosinkietas.com\/en\/wp-json\/wp\/v2\/media?parent=10901"}],"wp:term":[{"taxonomy":"product_brand","embeddable":true,"href":"https:\/\/manosinkietas.com\/en\/wp-json\/wp\/v2\/product_brand?post=10901"},{"taxonomy":"product_cat","embeddable":true,"href":"https:\/\/manosinkietas.com\/en\/wp-json\/wp\/v2\/product_cat?post=10901"},{"taxonomy":"product_tag","embeddable":true,"href":"https:\/\/manosinkietas.com\/en\/wp-json\/wp\/v2\/product_tag?post=10901"},{"taxonomy":"filtro_producto","embeddable":true,"href":"https:\/\/manosinkietas.com\/en\/wp-json\/wp\/v2\/filtro_producto?post=10901"}],"curies":[{"name":"wp","href":"https:\/\/api.w.org\/{rel}","templated":true}]}}