{"id":10892,"date":"2024-06-08T23:08:25","date_gmt":"2024-06-08T21:08:25","guid":{"rendered":"https:\/\/manosinkietas.com\/?post_type=product&#038;p=10892"},"modified":"2025-04-04T11:11:13","modified_gmt":"2025-04-04T09:11:13","slug":"cajas-de-vino-personalizadas","status":"publish","type":"product","link":"https:\/\/manosinkietas.com\/en\/product\/cajas-de-vino-personalizadas\/","title":{"rendered":"Cajas de Vino Personalizadas"},"content":{"rendered":"<p>Originales cajas de vino personalizadas a tu gusto. <\/p>\n<p>Podemos grabar las cajas con el texto que quieras o incluir una imagen en el dise\u00f1o. Ideales para regalar en bodas y otros eventos. <\/p>\n<p>Medidas: 10 x 35 x 10 cm.<\/p>\n<p>Tiempo de preparaci\u00f3n: 8 a 10 d\u00edas laborables<\/p>\n<p>*****************************************<\/p>\n<p>Por favor, preg\u00fantanos si tienes alguna duda acerca de nuestros productos. Estamos felices de atenderte.<\/p>\n<p>Recordatorio: esta es una peque\u00f1a tienda de emprendedores y el tiempo invertido en crear nuestras piezas \u00fanicas tambi\u00e9n tiene valor.<\/p>\n<p>\u00bfTe gustan nuestros productos? Echa un vistazo a la tienda:<\/p>","protected":false},"excerpt":{"rendered":"<p>Originales cajas de vino personalizadas a tu gusto. <\/p>","protected":false},"featured_media":10897,"comment_status":"open","ping_status":"closed","template":"","meta":{"_acf_changed":false},"product_brand":[],"product_cat":[697],"product_tag":[454,874,550,1102,234,796,1098,1099,49,878,69,196,1101,1097,1064,816,1100],"filtro_producto":[],"class_list":{"0":"post-10892","1":"product","2":"type-product","3":"status-publish","4":"has-post-thumbnail","6":"product_cat-botelleros","7":"product_tag-amante-del-vino","8":"product_tag-boda","9":"product_tag-bodas","10":"product_tag-botellas-de-vino","11":"product_tag-botellero","12":"product_tag-cajas-de-regalo","13":"product_tag-cajas-para-vino","14":"product_tag-cajas-personalizadas","15":"product_tag-corte-laser","16":"product_tag-detalles-para-bodas","17":"product_tag-grabado-laser","18":"product_tag-madera","19":"product_tag-porta-botellas","20":"product_tag-recuerdos-para-bodas","21":"product_tag-regalo-de-boda","22":"product_tag-regalos-para-bodas","23":"product_tag-vino","24":"product_shipping_class-cc","26":"first","27":"instock","28":"taxable","29":"shipping-taxable","30":"purchasable","31":"product-type-simple"},"acf":[],"aioseo_notices":[],"_links":{"self":[{"href":"https:\/\/manosinkietas.com\/en\/wp-json\/wp\/v2\/product\/10892","targetHints":{"allow":["GET"]}}],"collection":[{"href":"https:\/\/manosinkietas.com\/en\/wp-json\/wp\/v2\/product"}],"about":[{"href":"https:\/\/manosinkietas.com\/en\/wp-json\/wp\/v2\/types\/product"}],"replies":[{"embeddable":true,"href":"https:\/\/manosinkietas.com\/en\/wp-json\/wp\/v2\/comments?post=10892"}],"version-history":[{"count":2,"href":"https:\/\/manosinkietas.com\/en\/wp-json\/wp\/v2\/product\/10892\/revisions"}],"predecessor-version":[{"id":10900,"href":"https:\/\/manosinkietas.com\/en\/wp-json\/wp\/v2\/product\/10892\/revisions\/10900"}],"wp:featuredmedia":[{"embeddable":true,"href":"https:\/\/manosinkietas.com\/en\/wp-json\/wp\/v2\/media\/10897"}],"wp:attachment":[{"href":"https:\/\/manosinkietas.com\/en\/wp-json\/wp\/v2\/media?parent=10892"}],"wp:term":[{"taxonomy":"product_brand","embeddable":true,"href":"https:\/\/manosinkietas.com\/en\/wp-json\/wp\/v2\/product_brand?post=10892"},{"taxonomy":"product_cat","embeddable":true,"href":"https:\/\/manosinkietas.com\/en\/wp-json\/wp\/v2\/product_cat?post=10892"},{"taxonomy":"product_tag","embeddable":true,"href":"https:\/\/manosinkietas.com\/en\/wp-json\/wp\/v2\/product_tag?post=10892"},{"taxonomy":"filtro_producto","embeddable":true,"href":"https:\/\/manosinkietas.com\/en\/wp-json\/wp\/v2\/filtro_producto?post=10892"}],"curies":[{"name":"wp","href":"https:\/\/api.w.org\/{rel}","templated":true}]}}