{"id":10883,"date":"2024-06-08T22:28:42","date_gmt":"2024-06-08T20:28:42","guid":{"rendered":"https:\/\/manosinkietas.com\/?post_type=product&#038;p=10883"},"modified":"2025-07-22T11:50:56","modified_gmt":"2025-07-22T09:50:56","slug":"marco-doble-tipo-libro-para-fotos-bodas","status":"publish","type":"product","link":"https:\/\/manosinkietas.com\/en\/product\/marco-doble-tipo-libro-para-fotos-bodas\/","title":{"rendered":"Marco Doble Tipo Libro para Fotos Bodas"},"content":{"rendered":"<p>Precioso marco doble tipo libro con mensaje grabado en madera.<\/p>\n<p>Esta hermosa pieza tiene 2 marcos: Uno para el mensaje grabado a l\u00e1ser en madera contrachapado que podemos personalizar a tu gusto y el otro con espacio para foto (13cm x 18cm). Ideal para amenizar una boda como detalle para futuras parejas que se van a casar o como detalle de parte de los novios.<\/p>\n<p>Medidas de cada marco:<\/p>\n<p>Alto: 19,8cm<br \/>\nAncho: 13,7cm<\/p>\n<p>Medidas foto: 13cm x 18cm<\/p>\n<p>Tiempo de preparaci\u00f3n: 8 a 10 d\u00edas laborables<\/p>\n<p>*****************************************<\/p>\n<p>Por favor, preg\u00fantanos si tienes alguna duda acerca de nuestros productos. Estamos felices de atenderte. Recordatorio: esta es una peque\u00f1a tienda de emprendedores y el tiempo invertido en crear nuestras piezas \u00fanicas tambi\u00e9n tiene valor. \u00bfTe gustan nuestros productos? Echa un vistazo a la tienda:<\/p>","protected":false},"excerpt":{"rendered":"<p>Precioso marco doble tipo libro con mensaje grabado en madera.<\/p>","protected":false},"featured_media":10890,"comment_status":"open","ping_status":"closed","template":"","meta":{"_acf_changed":false},"product_brand":[],"product_cat":[36,703],"product_tag":[874,550,49,878,877,538,921,457,69,196,1042,494,1095,1096,875,876,222,881,884,882,885,1097,548,816,815,883],"filtro_producto":[],"class_list":{"0":"post-10883","1":"product","2":"type-product","3":"status-publish","4":"has-post-thumbnail","6":"product_cat-celebracion","7":"product_cat-menaje","8":"product_tag-boda","9":"product_tag-bodas","10":"product_tag-corte-laser","11":"product_tag-detalles-para-bodas","12":"product_tag-detalles-para-novios","13":"product_tag-eventos","14":"product_tag-foto","15":"product_tag-fotografia","16":"product_tag-grabado-laser","17":"product_tag-madera","18":"product_tag-marco","19":"product_tag-marco-de-fotos","20":"product_tag-marco-doble","21":"product_tag-marco-tipo-libro","22":"product_tag-novia","23":"product_tag-novio","24":"product_tag-novios","25":"product_tag-placas","26":"product_tag-placas-de-boda","27":"product_tag-placas-de-madera","28":"product_tag-placas-personalizadas","29":"product_tag-recuerdos-para-bodas","30":"product_tag-recuerdos-para-eventos","31":"product_tag-regalos-para-bodas","32":"product_tag-regalos-para-eventos","33":"product_tag-sois-los-siguientes","34":"product_shipping_class-cc","36":"first","37":"instock","38":"taxable","39":"shipping-taxable","40":"purchasable","41":"product-type-simple"},"acf":[],"aioseo_notices":[],"_links":{"self":[{"href":"https:\/\/manosinkietas.com\/en\/wp-json\/wp\/v2\/product\/10883","targetHints":{"allow":["GET"]}}],"collection":[{"href":"https:\/\/manosinkietas.com\/en\/wp-json\/wp\/v2\/product"}],"about":[{"href":"https:\/\/manosinkietas.com\/en\/wp-json\/wp\/v2\/types\/product"}],"replies":[{"embeddable":true,"href":"https:\/\/manosinkietas.com\/en\/wp-json\/wp\/v2\/comments?post=10883"}],"version-history":[{"count":3,"href":"https:\/\/manosinkietas.com\/en\/wp-json\/wp\/v2\/product\/10883\/revisions"}],"predecessor-version":[{"id":11680,"href":"https:\/\/manosinkietas.com\/en\/wp-json\/wp\/v2\/product\/10883\/revisions\/11680"}],"wp:featuredmedia":[{"embeddable":true,"href":"https:\/\/manosinkietas.com\/en\/wp-json\/wp\/v2\/media\/10890"}],"wp:attachment":[{"href":"https:\/\/manosinkietas.com\/en\/wp-json\/wp\/v2\/media?parent=10883"}],"wp:term":[{"taxonomy":"product_brand","embeddable":true,"href":"https:\/\/manosinkietas.com\/en\/wp-json\/wp\/v2\/product_brand?post=10883"},{"taxonomy":"product_cat","embeddable":true,"href":"https:\/\/manosinkietas.com\/en\/wp-json\/wp\/v2\/product_cat?post=10883"},{"taxonomy":"product_tag","embeddable":true,"href":"https:\/\/manosinkietas.com\/en\/wp-json\/wp\/v2\/product_tag?post=10883"},{"taxonomy":"filtro_producto","embeddable":true,"href":"https:\/\/manosinkietas.com\/en\/wp-json\/wp\/v2\/filtro_producto?post=10883"}],"curies":[{"name":"wp","href":"https:\/\/api.w.org\/{rel}","templated":true}]}}