{"id":10849,"date":"2024-06-04T18:33:30","date_gmt":"2024-06-04T16:33:30","guid":{"rendered":"https:\/\/manosinkietas.com\/?post_type=product&#038;p=10849"},"modified":"2024-11-01T16:56:11","modified_gmt":"2024-11-01T15:56:11","slug":"mini-pizarras-con-tizas","status":"publish","type":"product","link":"https:\/\/manosinkietas.com\/en\/product\/mini-pizarras-con-tizas\/","title":{"rendered":"Mini Pizarras Con Tizas"},"content":{"rendered":"<p>Preciosas mini pizarras con tizas para regalar a los m\u00e1s peque\u00f1os. <\/p>\n<p>Puedes elegir entre el modelo redondo o la inicial del nombre de tu peque\u00f1o.<\/p>\n<p>Estas bonitas mini pizarras son elaboradas en madera contrachapado de 3mm y papel pizarra. Incluyen una caja de tizas. <\/p>\n<p>La caja de tizas para el modelo redondo se puede personalizar.<\/p>\n<p>Ideales para regalar a los m\u00e1s peque\u00f1os como obsequio de fin de curso.<\/p>\n<p>Medidas: <\/p>\n<p>REDONDA: 18cm de di\u00e1metro<br \/>\nLETRA: depende de la letra que sea, la A de la imagen mide 18cm de alto y 16cm de ancho<\/p>\n<p>*****************************************<\/p>\n<p>Por favor, preg\u00fantanos si tienes alguna duda acerca de nuestros productos. Estamos felices de atenderte. Recordatorio: esta es una peque\u00f1a tienda de emprendedores y el tiempo invertido en crear nuestras piezas \u00fanicas tambi\u00e9n tiene valor. \u00bfTe gustan nuestros productos? Echa un vistazo a la tienda:<\/p>","protected":false},"excerpt":{"rendered":"<p>Preciosas mini pizarras con tizas para regalar a los m\u00e1s peque\u00f1os. <\/p>","protected":false},"featured_media":10857,"comment_status":"open","ping_status":"closed","template":"","meta":{"_acf_changed":false},"product_brand":[],"product_cat":[36,701],"product_tag":[49,661,69,196,1089,1088,1091,881,882,670,659,1078,809,660,1079,824,658,1090],"filtro_producto":[],"class_list":{"0":"post-10849","1":"product","2":"type-product","3":"status-publish","4":"has-post-thumbnail","6":"product_cat-celebracion","7":"product_cat-placas-personalizadas","8":"product_tag-corte-laser","9":"product_tag-fin-de-curso","10":"product_tag-grabado-laser","11":"product_tag-madera","12":"product_tag-mini-pizarras","13":"product_tag-pizarras","14":"product_tag-pizarras-con-tizas","15":"product_tag-placas","16":"product_tag-placas-de-madera","17":"product_tag-profe","18":"product_tag-profes","19":"product_tag-profesor","20":"product_tag-profesora","21":"product_tag-profesores","22":"product_tag-regalos-para-fin-de-curso","23":"product_tag-regalos-para-peques","24":"product_tag-regalos-para-profes","25":"product_tag-tizas","26":"product_shipping_class-cc","28":"first","29":"instock","30":"taxable","31":"shipping-taxable","32":"purchasable","33":"product-type-variable"},"acf":[],"aioseo_notices":[],"_links":{"self":[{"href":"https:\/\/manosinkietas.com\/en\/wp-json\/wp\/v2\/product\/10849","targetHints":{"allow":["GET"]}}],"collection":[{"href":"https:\/\/manosinkietas.com\/en\/wp-json\/wp\/v2\/product"}],"about":[{"href":"https:\/\/manosinkietas.com\/en\/wp-json\/wp\/v2\/types\/product"}],"replies":[{"embeddable":true,"href":"https:\/\/manosinkietas.com\/en\/wp-json\/wp\/v2\/comments?post=10849"}],"version-history":[{"count":1,"href":"https:\/\/manosinkietas.com\/en\/wp-json\/wp\/v2\/product\/10849\/revisions"}],"predecessor-version":[{"id":10859,"href":"https:\/\/manosinkietas.com\/en\/wp-json\/wp\/v2\/product\/10849\/revisions\/10859"}],"wp:featuredmedia":[{"embeddable":true,"href":"https:\/\/manosinkietas.com\/en\/wp-json\/wp\/v2\/media\/10857"}],"wp:attachment":[{"href":"https:\/\/manosinkietas.com\/en\/wp-json\/wp\/v2\/media?parent=10849"}],"wp:term":[{"taxonomy":"product_brand","embeddable":true,"href":"https:\/\/manosinkietas.com\/en\/wp-json\/wp\/v2\/product_brand?post=10849"},{"taxonomy":"product_cat","embeddable":true,"href":"https:\/\/manosinkietas.com\/en\/wp-json\/wp\/v2\/product_cat?post=10849"},{"taxonomy":"product_tag","embeddable":true,"href":"https:\/\/manosinkietas.com\/en\/wp-json\/wp\/v2\/product_tag?post=10849"},{"taxonomy":"filtro_producto","embeddable":true,"href":"https:\/\/manosinkietas.com\/en\/wp-json\/wp\/v2\/filtro_producto?post=10849"}],"curies":[{"name":"wp","href":"https:\/\/api.w.org\/{rel}","templated":true}]}}