{"id":10833,"date":"2024-06-04T16:23:36","date_gmt":"2024-06-04T14:23:36","guid":{"rendered":"https:\/\/manosinkietas.com\/?post_type=product&#038;p=10833"},"modified":"2024-10-18T19:18:00","modified_gmt":"2024-10-18T17:18:00","slug":"marcapaginas-de-madera-con-frases","status":"publish","type":"product","link":"https:\/\/manosinkietas.com\/en\/product\/marcapaginas-de-madera-con-frases\/","title":{"rendered":"Marcap\u00e1ginas de Madera con Frases"},"content":{"rendered":"<p>Hermosos y originales marcap\u00e1ginas de madera con frases. Ideales para regalar a tus profesores o profesoras como detalle de fin de curso.<\/p>\n<p>Tambi\u00e9n podemos incluir el nombre del profesor o profesora en las piezas.<\/p>\n<p>Tienes 2 modelos a elegir: L\u00e1piz o Est\u00e1ndar. <\/p>\n<p>MEDIDAS DEL MARCAP\u00c1GINAS L\u00c1PIZ: 14,3 CM x 5,2CM<br \/>\nMEDIDAS DEL MARCAP\u00c1GINAS EST\u00c1NDAR: 14CM x 5 CM<br \/>\n*****************************************<\/p>\n<p>Por favor, preg\u00fantanos si tienes alguna duda acerca de nuestros productos. Estamos felices de atenderte.<\/p>\n<p>Recordatorio: esta es una peque\u00f1a tienda de emprendedores y el tiempo invertido en crear nuestras piezas \u00fanicas tambi\u00e9n tiene valor.<\/p>\n<p>\u00bfTe gustan nuestros productos? Echa un vistazo a la tienda:<\/p>","protected":false},"excerpt":{"rendered":"<p>Hermosos y originales marcap\u00e1ginas de madera con frases. Ideales para regalar a tus profesores o profesoras como detalle de fin de curso.<\/p>","protected":false},"featured_media":10838,"comment_status":"open","ping_status":"closed","template":"","meta":{"_acf_changed":false},"product_brand":[],"product_cat":[36,702],"product_tag":[1085,49,668,812,661,69,196,1084,1083,670,1082,1080,1081,659,1078,809,810,660,72,1079,658],"filtro_producto":[],"class_list":{"0":"post-10833","1":"product","2":"type-product","3":"status-publish","4":"has-post-thumbnail","6":"product_cat-celebracion","7":"product_cat-tematico","8":"product_tag-book-lover","9":"product_tag-corte-laser","10":"product_tag-detalles","11":"product_tag-detalles-para-profes","12":"product_tag-fin-de-curso","13":"product_tag-grabado-laser","14":"product_tag-madera","15":"product_tag-marcalibros","16":"product_tag-marcapaginas","17":"product_tag-profe","18":"product_tag-profe-bachillerato","19":"product_tag-profe-primaria","20":"product_tag-profe-secundaria","21":"product_tag-profes","22":"product_tag-profesor","23":"product_tag-profesora","24":"product_tag-profesoras","25":"product_tag-profesores","26":"product_tag-regalo-personalizado","27":"product_tag-regalos-para-fin-de-curso","28":"product_tag-regalos-para-profes","29":"product_shipping_class-cc","31":"first","32":"instock","33":"taxable","34":"shipping-taxable","35":"purchasable","36":"product-type-variable"},"acf":[],"aioseo_notices":[],"_links":{"self":[{"href":"https:\/\/manosinkietas.com\/en\/wp-json\/wp\/v2\/product\/10833","targetHints":{"allow":["GET"]}}],"collection":[{"href":"https:\/\/manosinkietas.com\/en\/wp-json\/wp\/v2\/product"}],"about":[{"href":"https:\/\/manosinkietas.com\/en\/wp-json\/wp\/v2\/types\/product"}],"replies":[{"embeddable":true,"href":"https:\/\/manosinkietas.com\/en\/wp-json\/wp\/v2\/comments?post=10833"}],"version-history":[{"count":1,"href":"https:\/\/manosinkietas.com\/en\/wp-json\/wp\/v2\/product\/10833\/revisions"}],"predecessor-version":[{"id":10845,"href":"https:\/\/manosinkietas.com\/en\/wp-json\/wp\/v2\/product\/10833\/revisions\/10845"}],"wp:featuredmedia":[{"embeddable":true,"href":"https:\/\/manosinkietas.com\/en\/wp-json\/wp\/v2\/media\/10838"}],"wp:attachment":[{"href":"https:\/\/manosinkietas.com\/en\/wp-json\/wp\/v2\/media?parent=10833"}],"wp:term":[{"taxonomy":"product_brand","embeddable":true,"href":"https:\/\/manosinkietas.com\/en\/wp-json\/wp\/v2\/product_brand?post=10833"},{"taxonomy":"product_cat","embeddable":true,"href":"https:\/\/manosinkietas.com\/en\/wp-json\/wp\/v2\/product_cat?post=10833"},{"taxonomy":"product_tag","embeddable":true,"href":"https:\/\/manosinkietas.com\/en\/wp-json\/wp\/v2\/product_tag?post=10833"},{"taxonomy":"filtro_producto","embeddable":true,"href":"https:\/\/manosinkietas.com\/en\/wp-json\/wp\/v2\/filtro_producto?post=10833"}],"curies":[{"name":"wp","href":"https:\/\/api.w.org\/{rel}","templated":true}]}}