{"id":10822,"date":"2024-06-03T21:53:31","date_gmt":"2024-06-03T19:53:31","guid":{"rendered":"https:\/\/manosinkietas.com\/?post_type=product&#038;p=10822"},"modified":"2025-02-06T13:58:51","modified_gmt":"2025-02-06T12:58:51","slug":"porta-post-it-iman-profesores","status":"publish","type":"product","link":"https:\/\/manosinkietas.com\/en\/product\/porta-post-it-iman-profesores\/","title":{"rendered":"Porta Post-it con Im\u00e1n Para Profesores"},"content":{"rendered":"<p>Hermosos y originales porta post-it con im\u00e1n para regalar a tus profesores. Cada pieza contiene un espacio para que coloques post-its y adem\u00e1s, se puede personalizar con el nombre de tu profesor o profesora.<\/p>\n<p>Estos marcos con im\u00e1n incluyen la frase &#8220;Gracias, profe&#8221; pero puedes a\u00f1adir la que quieras. <\/p>\n<p>MEDIDAS DEL MARCO (ESPACIO PARA POST-ITS): 7,7cm x 8,8cm<\/p>\n<p>MEDIDAS DE LA PIEZA ENTERA: 10,5cm x 12,8cm<\/p>\n<p>*****************************************<\/p>\n<p>Por favor, preg\u00fantanos si tienes alguna duda acerca de nuestros productos. Estamos felices de atenderte.<\/p>\n<p>Recordatorio: esta es una peque\u00f1a tienda de emprendedores y el tiempo invertido en crear nuestras piezas \u00fanicas tambi\u00e9n tiene valor.<\/p>\n<p>\u00bfTe gustan nuestros productos? Echa un vistazo a la tienda:<\/p>","protected":false},"excerpt":{"rendered":"<p>Hermosos y originales porta post-it con im\u00e1n para regalar a tus profesores. Cada pieza contiene un espacio para que coloques post-its y adem\u00e1s, se puede personalizar con el nombre de tu profesor o profesora.<\/p>","protected":false},"featured_media":10831,"comment_status":"open","ping_status":"closed","template":"","meta":{"_acf_changed":false},"product_brand":[],"product_cat":[36,702],"product_tag":[49,812,813,661,69,1043,196,1077,1076,1082,1080,1081,659,1078,809,810,660,72,1079],"filtro_producto":[],"class_list":{"0":"post-10822","1":"product","2":"type-product","3":"status-publish","4":"has-post-thumbnail","6":"product_cat-celebracion","7":"product_cat-tematico","8":"product_tag-corte-laser","9":"product_tag-detalles-para-profes","10":"product_tag-detalles-para-profesores","11":"product_tag-fin-de-curso","12":"product_tag-grabado-laser","13":"product_tag-iman","14":"product_tag-madera","15":"product_tag-porta-post-it","16":"product_tag-post-it","17":"product_tag-profe-bachillerato","18":"product_tag-profe-primaria","19":"product_tag-profe-secundaria","20":"product_tag-profes","21":"product_tag-profesor","22":"product_tag-profesora","23":"product_tag-profesoras","24":"product_tag-profesores","25":"product_tag-regalo-personalizado","26":"product_tag-regalos-para-fin-de-curso","27":"product_shipping_class-cc","29":"first","30":"instock","31":"taxable","32":"shipping-taxable","33":"purchasable","34":"product-type-simple"},"acf":[],"aioseo_notices":[],"_links":{"self":[{"href":"https:\/\/manosinkietas.com\/en\/wp-json\/wp\/v2\/product\/10822","targetHints":{"allow":["GET"]}}],"collection":[{"href":"https:\/\/manosinkietas.com\/en\/wp-json\/wp\/v2\/product"}],"about":[{"href":"https:\/\/manosinkietas.com\/en\/wp-json\/wp\/v2\/types\/product"}],"replies":[{"embeddable":true,"href":"https:\/\/manosinkietas.com\/en\/wp-json\/wp\/v2\/comments?post=10822"}],"version-history":[{"count":1,"href":"https:\/\/manosinkietas.com\/en\/wp-json\/wp\/v2\/product\/10822\/revisions"}],"predecessor-version":[{"id":10832,"href":"https:\/\/manosinkietas.com\/en\/wp-json\/wp\/v2\/product\/10822\/revisions\/10832"}],"wp:featuredmedia":[{"embeddable":true,"href":"https:\/\/manosinkietas.com\/en\/wp-json\/wp\/v2\/media\/10831"}],"wp:attachment":[{"href":"https:\/\/manosinkietas.com\/en\/wp-json\/wp\/v2\/media?parent=10822"}],"wp:term":[{"taxonomy":"product_brand","embeddable":true,"href":"https:\/\/manosinkietas.com\/en\/wp-json\/wp\/v2\/product_brand?post=10822"},{"taxonomy":"product_cat","embeddable":true,"href":"https:\/\/manosinkietas.com\/en\/wp-json\/wp\/v2\/product_cat?post=10822"},{"taxonomy":"product_tag","embeddable":true,"href":"https:\/\/manosinkietas.com\/en\/wp-json\/wp\/v2\/product_tag?post=10822"},{"taxonomy":"filtro_producto","embeddable":true,"href":"https:\/\/manosinkietas.com\/en\/wp-json\/wp\/v2\/filtro_producto?post=10822"}],"curies":[{"name":"wp","href":"https:\/\/api.w.org\/{rel}","templated":true}]}}