{"id":10803,"date":"2024-05-20T19:03:38","date_gmt":"2024-05-20T17:03:38","guid":{"rendered":"https:\/\/manosinkietas.com\/?post_type=product&#038;p=10803"},"modified":"2024-12-17T15:40:06","modified_gmt":"2024-12-17T14:40:06","slug":"marco-numeros-con-collage-para-fotos","status":"publish","type":"product","link":"https:\/\/manosinkietas.com\/en\/product\/marco-numeros-con-collage-para-fotos\/","title":{"rendered":"Marco N\u00fameros con Collage para Fotos"},"content":{"rendered":"<p>Hermoso marco de fotos en forma de n\u00fameros para collage de fotos. <\/p>\n<p>Ideal para celebrar cumplea\u00f1os o regalar en aniversarios. <\/p>\n<p>Las fotos para crear tu collage deber\u00e1s enviarlas por correo a info@manosinkietas.com <\/p>\n<p>Medidas:<\/p>\n<p>El de la foto mide 15,5 cm x 27 cm aproximadamente (en proporci\u00f3n al n\u00famero).<\/p>\n<p>Medidas de la base:<\/p>\n<p>21cm x 2,8cm<\/p>\n<p>TIEMPO DE ELABORACI\u00d3N: 8 a 10 d\u00edas laborables (dependiendo de la temporada. Si es temporada de eventos podr\u00eda tardar m\u00e1s, por favor consulte previamente. Gracias por la comprensi\u00f3n \ud83d\ude42 )<\/p>\n<p>*****************************************<\/p>\n<p>Por favor, preg\u00fantanos si tienes alguna duda acerca de nuestros productos. Estamos felices de atenderte.<\/p>\n<p>Recordatorio: esta es una peque\u00f1a tienda de emprendedores y el tiempo invertido en crear nuestras piezas \u00fanicas tambi\u00e9n tiene valor.<\/p>\n<p>\u00bfTe gustan nuestros productos? Echa un vistazo a la tienda:<\/p>","protected":false},"excerpt":{"rendered":"<p>Hermoso marco de fotos para colocar tus im\u00e1genes favoritas para regalar a tu pareja en San Valent\u00edn.<\/p>","protected":false},"featured_media":10811,"comment_status":"open","ping_status":"closed","template":"","meta":{"_acf_changed":false},"product_brand":[],"product_cat":[36,703],"product_tag":[1074,1071,49,1073,69,196,494,1075,1072,451,286,72,270,490,239],"filtro_producto":[],"class_list":{"0":"post-10803","1":"product","2":"type-product","3":"status-publish","4":"has-post-thumbnail","6":"product_cat-celebracion","7":"product_cat-menaje","8":"product_tag-collage","9":"product_tag-collage-de-fotos","10":"product_tag-corte-laser","11":"product_tag-cumpleanos-feliz","12":"product_tag-grabado-laser","13":"product_tag-madera","14":"product_tag-marco-de-fotos","15":"product_tag-marco-de-fotos-numeros","16":"product_tag-numeros","17":"product_tag-regalo","18":"product_tag-regalo-de-cumpleanos","19":"product_tag-regalo-personalizado","20":"product_tag-regalos","21":"product_tag-regalos-originales","22":"product_tag-regalos-personalizados","24":"first","25":"outofstock","26":"taxable","27":"shipping-taxable","28":"purchasable","29":"product-type-simple"},"acf":[],"aioseo_notices":[],"_links":{"self":[{"href":"https:\/\/manosinkietas.com\/en\/wp-json\/wp\/v2\/product\/10803","targetHints":{"allow":["GET"]}}],"collection":[{"href":"https:\/\/manosinkietas.com\/en\/wp-json\/wp\/v2\/product"}],"about":[{"href":"https:\/\/manosinkietas.com\/en\/wp-json\/wp\/v2\/types\/product"}],"replies":[{"embeddable":true,"href":"https:\/\/manosinkietas.com\/en\/wp-json\/wp\/v2\/comments?post=10803"}],"version-history":[{"count":3,"href":"https:\/\/manosinkietas.com\/en\/wp-json\/wp\/v2\/product\/10803\/revisions"}],"predecessor-version":[{"id":11029,"href":"https:\/\/manosinkietas.com\/en\/wp-json\/wp\/v2\/product\/10803\/revisions\/11029"}],"wp:featuredmedia":[{"embeddable":true,"href":"https:\/\/manosinkietas.com\/en\/wp-json\/wp\/v2\/media\/10811"}],"wp:attachment":[{"href":"https:\/\/manosinkietas.com\/en\/wp-json\/wp\/v2\/media?parent=10803"}],"wp:term":[{"taxonomy":"product_brand","embeddable":true,"href":"https:\/\/manosinkietas.com\/en\/wp-json\/wp\/v2\/product_brand?post=10803"},{"taxonomy":"product_cat","embeddable":true,"href":"https:\/\/manosinkietas.com\/en\/wp-json\/wp\/v2\/product_cat?post=10803"},{"taxonomy":"product_tag","embeddable":true,"href":"https:\/\/manosinkietas.com\/en\/wp-json\/wp\/v2\/product_tag?post=10803"},{"taxonomy":"filtro_producto","embeddable":true,"href":"https:\/\/manosinkietas.com\/en\/wp-json\/wp\/v2\/filtro_producto?post=10803"}],"curies":[{"name":"wp","href":"https:\/\/api.w.org\/{rel}","templated":true}]}}