{"id":10795,"date":"2024-05-20T18:40:47","date_gmt":"2024-05-20T16:40:47","guid":{"rendered":"https:\/\/manosinkietas.com\/?post_type=product&#038;p=10795"},"modified":"2024-05-20T18:56:01","modified_gmt":"2024-05-20T16:56:01","slug":"libro-de-firmas-arbol-de-corazones","status":"publish","type":"product","link":"https:\/\/manosinkietas.com\/en\/product\/libro-de-firmas-arbol-de-corazones\/","title":{"rendered":"Libro de Firmas \u00c1rbol de Corazones"},"content":{"rendered":"<p>Hermoso y original libro de firmas en forma de \u00e1rbol con corazones para firmar, especial para conservar tus recuerdos m\u00e1s bonitos de ese d\u00eda tan especial.<\/p>\n<p>Este precioso libro de firmas ha sido creado en madera contrachapado 3mm. El dise\u00f1o es a corte l\u00e1ser y contiene corazones para firmar y colgar en el \u00e1rbol. <\/p>\n<p>Adem\u00e1s, incluye una plaquita para dedicar la pieza. <\/p>\n<p>Medidas: 29,6cm de alto x 27,8cm de ancho<br \/>\nCorazones: 3,5cm<br \/>\nPlaquita dedicatoria: 8cm x 6,8cm<\/p>\n<p>*****************************************<\/p>\n<p>Por favor, preg\u00fantanos si tienes alguna duda acerca de nuestros productos. Estamos felices de atenderte. Recordatorio: esta es una peque\u00f1a tienda de emprendedores y el tiempo invertido en crear nuestras piezas \u00fanicas tambi\u00e9n tiene valor. \u00bfTe gustan nuestros productos? Echa un vistazo a la tienda:<\/p>","protected":false},"excerpt":{"rendered":"<p>Hermoso y original libro de firmas en forma de \u00e1rbol con corazones para firmar, especial para conservar tus recuerdos m\u00e1s bonitos de ese d\u00eda tan especial.<\/p>","protected":false},"featured_media":10796,"comment_status":"open","ping_status":"closed","template":"","meta":{"_acf_changed":false},"product_brand":[],"product_cat":[36,695],"product_tag":[1068,1069,1070,49,538,69,873,196,548,815,239],"filtro_producto":[],"class_list":{"0":"post-10795","1":"product","2":"type-product","3":"status-publish","4":"has-post-thumbnail","6":"product_cat-celebracion","7":"product_cat-libros-de-firmas","8":"product_tag-arbol","9":"product_tag-arbol-de-corazones","10":"product_tag-arbol-libro-de-firmas","11":"product_tag-corte-laser","12":"product_tag-eventos","13":"product_tag-grabado-laser","14":"product_tag-libro-de-firmas","15":"product_tag-madera","16":"product_tag-recuerdos-para-eventos","17":"product_tag-regalos-para-eventos","18":"product_tag-regalos-personalizados","19":"product_shipping_class-pp","21":"first","22":"instock","23":"taxable","24":"shipping-taxable","25":"purchasable","26":"product-type-simple"},"acf":[],"aioseo_notices":[],"_links":{"self":[{"href":"https:\/\/manosinkietas.com\/en\/wp-json\/wp\/v2\/product\/10795","targetHints":{"allow":["GET"]}}],"collection":[{"href":"https:\/\/manosinkietas.com\/en\/wp-json\/wp\/v2\/product"}],"about":[{"href":"https:\/\/manosinkietas.com\/en\/wp-json\/wp\/v2\/types\/product"}],"replies":[{"embeddable":true,"href":"https:\/\/manosinkietas.com\/en\/wp-json\/wp\/v2\/comments?post=10795"}],"version-history":[{"count":1,"href":"https:\/\/manosinkietas.com\/en\/wp-json\/wp\/v2\/product\/10795\/revisions"}],"predecessor-version":[{"id":10801,"href":"https:\/\/manosinkietas.com\/en\/wp-json\/wp\/v2\/product\/10795\/revisions\/10801"}],"wp:featuredmedia":[{"embeddable":true,"href":"https:\/\/manosinkietas.com\/en\/wp-json\/wp\/v2\/media\/10796"}],"wp:attachment":[{"href":"https:\/\/manosinkietas.com\/en\/wp-json\/wp\/v2\/media?parent=10795"}],"wp:term":[{"taxonomy":"product_brand","embeddable":true,"href":"https:\/\/manosinkietas.com\/en\/wp-json\/wp\/v2\/product_brand?post=10795"},{"taxonomy":"product_cat","embeddable":true,"href":"https:\/\/manosinkietas.com\/en\/wp-json\/wp\/v2\/product_cat?post=10795"},{"taxonomy":"product_tag","embeddable":true,"href":"https:\/\/manosinkietas.com\/en\/wp-json\/wp\/v2\/product_tag?post=10795"},{"taxonomy":"filtro_producto","embeddable":true,"href":"https:\/\/manosinkietas.com\/en\/wp-json\/wp\/v2\/filtro_producto?post=10795"}],"curies":[{"name":"wp","href":"https:\/\/api.w.org\/{rel}","templated":true}]}}