{"id":10779,"date":"2024-05-20T18:16:20","date_gmt":"2024-05-20T16:16:20","guid":{"rendered":"https:\/\/manosinkietas.com\/?post_type=product&#038;p=10779"},"modified":"2026-03-31T19:51:20","modified_gmt":"2026-03-31T17:51:20","slug":"cajita-para-tarjetas-regalo-de-boda","status":"publish","type":"product","link":"https:\/\/manosinkietas.com\/en\/product\/cajita-para-tarjetas-regalo-de-boda\/","title":{"rendered":"Cajita Para Tarjetas Regalo de Boda"},"content":{"rendered":"<p>Hermosa y original cajita de madera para tarjetas de regalo de bodas. Puedes personalizar la caja con un mensaje o el nombre de la pareja de novios a regalar. Perfecto para guardar billetes como regalo de bodas. En los extremos lleva 2 cuerdas de yute para sujetar los billetes.<\/p>\n<p>Medidas:<\/p>\n<p>ALTO: 10cm<br \/>\nANCHO: 15cm<\/p>\n<p>La cajita es apta para las dimensiones de los billetes, igualmente los puedes doblar.<\/p>\n<p>*****************************************<\/p>\n<p>Por favor, preg\u00fantanos si tienes alguna duda acerca de nuestros productos. Estamos felices de atenderte.<\/p>\n<p>Recordatorio: esta es una peque\u00f1a tienda de emprendedores y el tiempo invertido en crear nuestras piezas \u00fanicas tambi\u00e9n tiene valor.<\/p>\n<p>\u00bfTe gustan nuestros productos? Echa un vistazo a la tienda:<\/p>","protected":false},"excerpt":{"rendered":"<p>Hermosa y original cajita de madera para tarjetas regalo.<\/p>","protected":false},"featured_media":11068,"comment_status":"open","ping_status":"closed","template":"","meta":{"_acf_changed":false},"product_brand":[],"product_cat":[701],"product_tag":[874,481,238,963,957,956,49,69,222,451,1064,1065,1066,270,959,958,1067],"filtro_producto":[],"class_list":{"0":"post-10779","1":"product","2":"type-product","3":"status-publish","4":"has-post-thumbnail","6":"product_cat-placas-personalizadas","7":"product_tag-boda","8":"product_tag-caja","9":"product_tag-caja-de-madera","10":"product_tag-caja-para-billetes","11":"product_tag-caja-para-tarjetas-regalo","12":"product_tag-cajita","13":"product_tag-corte-laser","14":"product_tag-grabado-laser","15":"product_tag-novios","16":"product_tag-regalo","17":"product_tag-regalo-de-boda","18":"product_tag-regalo-para-bodas","19":"product_tag-regalo-para-novios","20":"product_tag-regalos","21":"product_tag-tarjeta-regalo","22":"product_tag-tarjetas-regalo","23":"product_tag-wedding","24":"product_shipping_class-cc","26":"first","27":"instock","28":"featured","29":"taxable","30":"shipping-taxable","31":"purchasable","32":"product-type-variable"},"acf":[],"aioseo_notices":[],"_links":{"self":[{"href":"https:\/\/manosinkietas.com\/en\/wp-json\/wp\/v2\/product\/10779","targetHints":{"allow":["GET"]}}],"collection":[{"href":"https:\/\/manosinkietas.com\/en\/wp-json\/wp\/v2\/product"}],"about":[{"href":"https:\/\/manosinkietas.com\/en\/wp-json\/wp\/v2\/types\/product"}],"replies":[{"embeddable":true,"href":"https:\/\/manosinkietas.com\/en\/wp-json\/wp\/v2\/comments?post=10779"}],"version-history":[{"count":3,"href":"https:\/\/manosinkietas.com\/en\/wp-json\/wp\/v2\/product\/10779\/revisions"}],"predecessor-version":[{"id":12652,"href":"https:\/\/manosinkietas.com\/en\/wp-json\/wp\/v2\/product\/10779\/revisions\/12652"}],"wp:featuredmedia":[{"embeddable":true,"href":"https:\/\/manosinkietas.com\/en\/wp-json\/wp\/v2\/media\/11068"}],"wp:attachment":[{"href":"https:\/\/manosinkietas.com\/en\/wp-json\/wp\/v2\/media?parent=10779"}],"wp:term":[{"taxonomy":"product_brand","embeddable":true,"href":"https:\/\/manosinkietas.com\/en\/wp-json\/wp\/v2\/product_brand?post=10779"},{"taxonomy":"product_cat","embeddable":true,"href":"https:\/\/manosinkietas.com\/en\/wp-json\/wp\/v2\/product_cat?post=10779"},{"taxonomy":"product_tag","embeddable":true,"href":"https:\/\/manosinkietas.com\/en\/wp-json\/wp\/v2\/product_tag?post=10779"},{"taxonomy":"filtro_producto","embeddable":true,"href":"https:\/\/manosinkietas.com\/en\/wp-json\/wp\/v2\/filtro_producto?post=10779"}],"curies":[{"name":"wp","href":"https:\/\/api.w.org\/{rel}","templated":true}]}}