{"id":10753,"date":"2024-04-24T16:41:43","date_gmt":"2024-04-24T14:41:43","guid":{"rendered":"https:\/\/manosinkietas.com\/?post_type=product&#038;p=10753"},"modified":"2024-04-24T16:47:16","modified_gmt":"2024-04-24T14:47:16","slug":"sobre-de-madera-para-el-dia-de-las-madres","status":"publish","type":"product","link":"https:\/\/manosinkietas.com\/en\/product\/sobre-de-madera-para-el-dia-de-las-madres\/","title":{"rendered":"Sobre de Madera para el D\u00eda de las Madres"},"content":{"rendered":"<p>Hermosos y originales sobres de madera para las cartas o dibujos para regalas a mam\u00e1 el D\u00eda de las Madres. Perfecto para guardar detallitos que haga tu peque\u00f1o. Lo puedes personalizar con el nombre de tu peque. Tiene un coraz\u00f3n en metacrilato dorado que lo hace a\u00fan m\u00e1s hermoso. <\/p>\n<p>Medidas:<\/p>\n<p>ALTO: 16 cm<br \/>\nANCHO: 14 cm<br \/>\nPROFUNDIDAD: 0.9 cm<\/p>\n<p>*****************************************<\/p>\n<p>Por favor, preg\u00fantanos si tienes alguna duda acerca de nuestros productos. Estamos felices de atenderte.<\/p>\n<p>Recordatorio: esta es una peque\u00f1a tienda de emprendedores y el tiempo invertido en crear nuestras piezas \u00fanicas tambi\u00e9n tiene valor.<\/p>\n<p>\u00bfTe gustan nuestros productos? Echa un vistazo a la tienda:<\/p>","protected":false},"excerpt":{"rendered":"<p>Hermosos y originales sobres de madera para las cartas o dibujos para regalas a mam\u00e1 el D\u00eda de las Madres. <\/p>","protected":false},"featured_media":10757,"comment_status":"open","ping_status":"closed","template":"","meta":{"_acf_changed":false},"product_brand":[],"product_cat":[702],"product_tag":[907,49,868,83,84,69,805,807,451,270,1056,284,239,961,964,965,966,1063],"filtro_producto":[],"class_list":{"0":"post-10753","1":"product","2":"type-product","3":"status-publish","4":"has-post-thumbnail","6":"product_cat-tematico","7":"product_tag-abuela","8":"product_tag-corte-laser","9":"product_tag-detalles-para-mama","10":"product_tag-dia-de-la-madre","11":"product_tag-dia-de-las-madres","12":"product_tag-grabado-laser","13":"product_tag-madre","14":"product_tag-mama","15":"product_tag-regalo","16":"product_tag-regalos","17":"product_tag-regalos-para-abuela","18":"product_tag-regalos-para-mama","19":"product_tag-regalos-personalizados","20":"product_tag-reyes","21":"product_tag-sobre","22":"product_tag-sobre-de-madera","23":"product_tag-sobre-para-cartas","24":"product_tag-sobre-para-dibujos","25":"product_shipping_class-cc","27":"first","28":"instock","29":"featured","30":"taxable","31":"shipping-taxable","32":"purchasable","33":"product-type-simple"},"acf":[],"aioseo_notices":[],"_links":{"self":[{"href":"https:\/\/manosinkietas.com\/en\/wp-json\/wp\/v2\/product\/10753","targetHints":{"allow":["GET"]}}],"collection":[{"href":"https:\/\/manosinkietas.com\/en\/wp-json\/wp\/v2\/product"}],"about":[{"href":"https:\/\/manosinkietas.com\/en\/wp-json\/wp\/v2\/types\/product"}],"replies":[{"embeddable":true,"href":"https:\/\/manosinkietas.com\/en\/wp-json\/wp\/v2\/comments?post=10753"}],"version-history":[{"count":2,"href":"https:\/\/manosinkietas.com\/en\/wp-json\/wp\/v2\/product\/10753\/revisions"}],"predecessor-version":[{"id":10760,"href":"https:\/\/manosinkietas.com\/en\/wp-json\/wp\/v2\/product\/10753\/revisions\/10760"}],"wp:featuredmedia":[{"embeddable":true,"href":"https:\/\/manosinkietas.com\/en\/wp-json\/wp\/v2\/media\/10757"}],"wp:attachment":[{"href":"https:\/\/manosinkietas.com\/en\/wp-json\/wp\/v2\/media?parent=10753"}],"wp:term":[{"taxonomy":"product_brand","embeddable":true,"href":"https:\/\/manosinkietas.com\/en\/wp-json\/wp\/v2\/product_brand?post=10753"},{"taxonomy":"product_cat","embeddable":true,"href":"https:\/\/manosinkietas.com\/en\/wp-json\/wp\/v2\/product_cat?post=10753"},{"taxonomy":"product_tag","embeddable":true,"href":"https:\/\/manosinkietas.com\/en\/wp-json\/wp\/v2\/product_tag?post=10753"},{"taxonomy":"filtro_producto","embeddable":true,"href":"https:\/\/manosinkietas.com\/en\/wp-json\/wp\/v2\/filtro_producto?post=10753"}],"curies":[{"name":"wp","href":"https:\/\/api.w.org\/{rel}","templated":true}]}}