{"id":10747,"date":"2024-04-24T16:33:54","date_gmt":"2024-04-24T14:33:54","guid":{"rendered":"https:\/\/manosinkietas.com\/?post_type=product&#038;p=10747"},"modified":"2025-04-14T17:49:32","modified_gmt":"2025-04-14T15:49:32","slug":"espejo-de-bambu-con-frase-dia-de-las-madres","status":"publish","type":"product","link":"https:\/\/manosinkietas.com\/en\/product\/espejo-de-bambu-con-frase-dia-de-las-madres\/","title":{"rendered":"Espejo de Bamb\u00fa con Frase D\u00eda de las Madres"},"content":{"rendered":"<p>Bonito y original espejo para el D\u00eda de las Madres. Contiene la frase grabada &#8220;Una madre como t\u00fa no la cambio por nada en el mundo&#8221;.<\/p>\n<p>Estos espejitos son el complemento perfecto para regalar el D\u00eda de las Madres.<\/p>\n<p>MEDIDAS<\/p>\n<p>7cm de di\u00e1metro<\/p>\n<p>*****************************************<\/p>\n<p>Por favor, preg\u00fantanos si tienes alguna duda acerca de nuestros productos. Estamos felices de atenderte.<\/p>\n<p>Recordatorio: esta es una peque\u00f1a tienda de emprendedores y el tiempo invertido en crear nuestras piezas \u00fanicas tambi\u00e9n tiene valor.<\/p>\n<p>\u00bfTe gustan nuestros productos? Echa un vistazo a la tienda:<\/p>","protected":false},"excerpt":{"rendered":"<p>Bonito y original espejo para el D\u00eda de las Madres. Contiene la frase grabada &#8220;Una madre como t\u00fa no la cambio por nada en el mundo&#8221;.<\/p>","protected":false},"featured_media":10748,"comment_status":"open","ping_status":"closed","template":"","meta":{"_acf_changed":false},"product_brand":[],"product_cat":[36,702],"product_tag":[1062,49,1057,868,754,83,84,1058,1059,1061,1060,69,196,805,807,72,1056,284],"filtro_producto":[],"class_list":{"0":"post-10747","1":"product","2":"type-product","3":"status-publish","4":"has-post-thumbnail","6":"product_cat-celebracion","7":"product_cat-tematico","8":"product_tag-bambu","9":"product_tag-corte-laser","10":"product_tag-detalles-para-abuela","11":"product_tag-detalles-para-mama","12":"product_tag-detalles-personalizados","13":"product_tag-dia-de-la-madre","14":"product_tag-dia-de-las-madres","15":"product_tag-espejo","16":"product_tag-espejo-de-bambu","17":"product_tag-espejo-grabado","18":"product_tag-espejo-personalizado","19":"product_tag-grabado-laser","20":"product_tag-madera","21":"product_tag-madre","22":"product_tag-mama","23":"product_tag-regalo-personalizado","24":"product_tag-regalos-para-abuela","25":"product_tag-regalos-para-mama","26":"product_shipping_class-cc","28":"first","29":"instock","30":"taxable","31":"shipping-taxable","32":"purchasable","33":"product-type-simple"},"acf":[],"aioseo_notices":[],"_links":{"self":[{"href":"https:\/\/manosinkietas.com\/en\/wp-json\/wp\/v2\/product\/10747","targetHints":{"allow":["GET"]}}],"collection":[{"href":"https:\/\/manosinkietas.com\/en\/wp-json\/wp\/v2\/product"}],"about":[{"href":"https:\/\/manosinkietas.com\/en\/wp-json\/wp\/v2\/types\/product"}],"replies":[{"embeddable":true,"href":"https:\/\/manosinkietas.com\/en\/wp-json\/wp\/v2\/comments?post=10747"}],"version-history":[{"count":2,"href":"https:\/\/manosinkietas.com\/en\/wp-json\/wp\/v2\/product\/10747\/revisions"}],"predecessor-version":[{"id":10752,"href":"https:\/\/manosinkietas.com\/en\/wp-json\/wp\/v2\/product\/10747\/revisions\/10752"}],"wp:featuredmedia":[{"embeddable":true,"href":"https:\/\/manosinkietas.com\/en\/wp-json\/wp\/v2\/media\/10748"}],"wp:attachment":[{"href":"https:\/\/manosinkietas.com\/en\/wp-json\/wp\/v2\/media?parent=10747"}],"wp:term":[{"taxonomy":"product_brand","embeddable":true,"href":"https:\/\/manosinkietas.com\/en\/wp-json\/wp\/v2\/product_brand?post=10747"},{"taxonomy":"product_cat","embeddable":true,"href":"https:\/\/manosinkietas.com\/en\/wp-json\/wp\/v2\/product_cat?post=10747"},{"taxonomy":"product_tag","embeddable":true,"href":"https:\/\/manosinkietas.com\/en\/wp-json\/wp\/v2\/product_tag?post=10747"},{"taxonomy":"filtro_producto","embeddable":true,"href":"https:\/\/manosinkietas.com\/en\/wp-json\/wp\/v2\/filtro_producto?post=10747"}],"curies":[{"name":"wp","href":"https:\/\/api.w.org\/{rel}","templated":true}]}}