{"id":10735,"date":"2024-04-24T16:21:47","date_gmt":"2024-04-24T14:21:47","guid":{"rendered":"https:\/\/manosinkietas.com\/?post_type=product&#038;p=10735"},"modified":"2026-04-28T18:30:56","modified_gmt":"2026-04-28T16:30:56","slug":"placas-de-madera-dia-de-las-madres","status":"publish","type":"product","link":"https:\/\/manosinkietas.com\/en\/product\/placas-de-madera-dia-de-las-madres\/","title":{"rendered":"Placas de Madera D\u00eda de las Madres"},"content":{"rendered":"<p>Preciosas plaquitas de madera y metacrilato con diferentes frases para el D\u00eda de las Madres.<\/p>\n<p>Estas bonitas placas son elaboradas en madera contrachapado de 3mm y metacrilato en diferentes colores. El dise\u00f1o es grabado a l\u00e1ser y consta de algunos dise\u00f1os diferentes:<\/p>\n<p><strong>Con flores:<\/strong><\/p>\n<p>Mam\u00e1, gracias por tanto amor<\/p>\n<p>Mam\u00e1, eres mi flor favorita<\/p>\n<p>Mam\u00e1, eres la flor m\u00e1s bonita<\/p>\n<p>Feliz d\u00eda, mam\u00e1<\/p>\n<p>Mil flores para ti, mam\u00e1<\/p>\n<p>Mam\u00e1, tu amor siempre florece<\/p>\n<p><strong>Grandes con metacrilato de colores:<\/strong><\/p>\n<p>La flor m\u00e1s bonita eres t\u00fa, mam\u00e1<\/p>\n<p>Mam\u00e1, gracias por ser mi ejemplo a seguir<\/p>\n<p>Mam\u00e1, tus besos y abrazos lo curan todo<\/p>\n<p>La mejor mam\u00e1 del mundo eres t\u00fa<\/p>\n<p>Gracias por cada beso, sonrisa&#8230;<\/p>\n<p>Ideales para regalar a mam\u00e1 en su d\u00eda. Cada pieza tiene metacrilato en diferentes colores y cintas de color salm\u00f3n claro.<\/p>\n<p>Medidas:<\/p>\n<p>10,5cm de di\u00e1metro<\/p>\n<p>&nbsp;<\/p>\n<p>Asimismo, tienes un formato m\u00e1s peque\u00f1o de placas<strong> peque\u00f1as a color<\/strong> de 8,5cm de di\u00e1metro con diferentes frases:<\/p>\n<p>La mejor mam\u00e1 del mundo eres t\u00fa<\/p>\n<p>Feliz d\u00eda, mam\u00e1<\/p>\n<p>T\u00fa alegras mis d\u00edas, mam\u00e1<\/p>\n<p>Te quiero, mam\u00e1<\/p>\n<p>Mam\u00e1, eres la mejor<\/p>\n<p>Mam\u00e1, te amo<\/p>\n<p>Medidas:<\/p>\n<p>8,5cm de di\u00e1metro<\/p>\n<p>&nbsp;<\/p>\n<p>*****************************************<\/p>\n<p>Por favor, preg\u00fantanos si tienes alguna duda acerca de nuestros productos. Estamos felices de atenderte. Recordatorio: esta es una peque\u00f1a tienda de emprendedores y el tiempo invertido en crear nuestras piezas \u00fanicas tambi\u00e9n tiene valor. \u00bfTe gustan nuestros productos? Echa un vistazo a la tienda:<\/p>","protected":false},"excerpt":{"rendered":"<p>Preciosas plaquitas de madera y metacrilato con diferentes frases para el D\u00eda de las Madres.<\/p>","protected":false},"featured_media":12662,"comment_status":"open","ping_status":"closed","template":"","meta":{"_acf_changed":false},"product_brand":[],"product_cat":[36,701],"product_tag":[907,49,1057,868,83,84,1655,1654,1629,69,1653,196,805,806,807,48,1656,881,882,1055,85,1056,284,1657],"filtro_producto":[],"class_list":{"0":"post-10735","1":"product","2":"type-product","3":"status-publish","4":"has-post-thumbnail","6":"product_cat-celebracion","7":"product_cat-placas-personalizadas","8":"product_tag-abuela","9":"product_tag-corte-laser","10":"product_tag-detalles-para-abuela","11":"product_tag-detalles-para-mama","12":"product_tag-dia-de-la-madre","13":"product_tag-dia-de-las-madres","14":"product_tag-eres-la-flor-mas-bonita","15":"product_tag-eres-mi-flor-favorita","16":"product_tag-feliz-dia","17":"product_tag-grabado-laser","18":"product_tag-gracias-por-tanto-amor","19":"product_tag-madera","20":"product_tag-madre","21":"product_tag-madres","22":"product_tag-mama","23":"product_tag-metacrilato","24":"product_tag-mil-flores-para-ti","25":"product_tag-placas","26":"product_tag-placas-de-madera","27":"product_tag-placas-para-mama","28":"product_tag-regalo-para-mama","29":"product_tag-regalos-para-abuela","30":"product_tag-regalos-para-mama","31":"product_tag-tu-amor-siempre-florece","32":"product_shipping_class-cc","34":"first","35":"instock","36":"taxable","37":"shipping-taxable","38":"purchasable","39":"product-type-variable"},"acf":[],"aioseo_notices":[],"_links":{"self":[{"href":"https:\/\/manosinkietas.com\/en\/wp-json\/wp\/v2\/product\/10735","targetHints":{"allow":["GET"]}}],"collection":[{"href":"https:\/\/manosinkietas.com\/en\/wp-json\/wp\/v2\/product"}],"about":[{"href":"https:\/\/manosinkietas.com\/en\/wp-json\/wp\/v2\/types\/product"}],"replies":[{"embeddable":true,"href":"https:\/\/manosinkietas.com\/en\/wp-json\/wp\/v2\/comments?post=10735"}],"version-history":[{"count":4,"href":"https:\/\/manosinkietas.com\/en\/wp-json\/wp\/v2\/product\/10735\/revisions"}],"predecessor-version":[{"id":12672,"href":"https:\/\/manosinkietas.com\/en\/wp-json\/wp\/v2\/product\/10735\/revisions\/12672"}],"wp:featuredmedia":[{"embeddable":true,"href":"https:\/\/manosinkietas.com\/en\/wp-json\/wp\/v2\/media\/12662"}],"wp:attachment":[{"href":"https:\/\/manosinkietas.com\/en\/wp-json\/wp\/v2\/media?parent=10735"}],"wp:term":[{"taxonomy":"product_brand","embeddable":true,"href":"https:\/\/manosinkietas.com\/en\/wp-json\/wp\/v2\/product_brand?post=10735"},{"taxonomy":"product_cat","embeddable":true,"href":"https:\/\/manosinkietas.com\/en\/wp-json\/wp\/v2\/product_cat?post=10735"},{"taxonomy":"product_tag","embeddable":true,"href":"https:\/\/manosinkietas.com\/en\/wp-json\/wp\/v2\/product_tag?post=10735"},{"taxonomy":"filtro_producto","embeddable":true,"href":"https:\/\/manosinkietas.com\/en\/wp-json\/wp\/v2\/filtro_producto?post=10735"}],"curies":[{"name":"wp","href":"https:\/\/api.w.org\/{rel}","templated":true}]}}