{"id":10718,"date":"2024-04-24T16:04:57","date_gmt":"2024-04-24T14:04:57","guid":{"rendered":"https:\/\/manosinkietas.com\/?post_type=product&#038;p=10718"},"modified":"2025-04-23T09:29:59","modified_gmt":"2025-04-23T07:29:59","slug":"marco-de-fotos-con-iman-dia-de-las-madres","status":"publish","type":"product","link":"https:\/\/manosinkietas.com\/en\/product\/marco-de-fotos-con-iman-dia-de-las-madres\/","title":{"rendered":"Marco de Fotos con Im\u00e1n D\u00eda de las Madres"},"content":{"rendered":"<p>Hermosos y originales marcos de fotos con im\u00e1n para el D\u00eda de las Madres. Cada marco contiene un espacio para que coloques una foto y adem\u00e1s, se puede personalizar con el nombre de tus peques.<\/p>\n<p>Tambi\u00e9n podemos incluir el nombre de mam\u00e1 en el dise\u00f1o.<\/p>\n<p>Estos marcos con im\u00e1n incluyen la frase &#8220;Te queremos&#8221;, &#8220;Te quiero&#8221;, &#8220;Feliz d\u00eda&#8221; o &#8220;Qu\u00e9rote&#8221; pero puedes a\u00f1adir la que quieras. <\/p>\n<p>MEDIDAS DEL MARCO (ESPACIO PARA FOTO): 6 x 10cm<\/p>\n<p>MEDIDAS DE LA PIEZA ENTERA: 9 x 12,7cm<\/p>\n<p>*****************************************<\/p>\n<p>Por favor, preg\u00fantanos si tienes alguna duda acerca de nuestros productos. Estamos felices de atenderte.<\/p>\n<p>Recordatorio: esta es una peque\u00f1a tienda de emprendedores y el tiempo invertido en crear nuestras piezas \u00fanicas tambi\u00e9n tiene valor.<\/p>\n<p>\u00bfTe gustan nuestros productos? Echa un vistazo a la tienda:<\/p>","protected":false},"excerpt":{"rendered":"<p>Hermosos y originales marcos de fotos con im\u00e1n para el D\u00eda de las Madres. Cada marco contiene un espacio para que coloques una foto y adem\u00e1s, se puede personalizar con el nombre de tus peques.<\/p>","protected":false},"featured_media":10727,"comment_status":"open","ping_status":"closed","template":"","meta":{"_acf_changed":false},"product_brand":[],"product_cat":[36,702],"product_tag":[49,1049,868,84,69,1043,196,805,807,1042,1039,494,85,72,284],"filtro_producto":[],"class_list":{"0":"post-10718","1":"product","2":"type-product","3":"status-publish","4":"has-post-thumbnail","6":"product_cat-celebracion","7":"product_cat-tematico","8":"product_tag-corte-laser","9":"product_tag-detalle-para-mama","10":"product_tag-detalles-para-mama","11":"product_tag-dia-de-las-madres","12":"product_tag-grabado-laser","13":"product_tag-iman","14":"product_tag-madera","15":"product_tag-madre","16":"product_tag-mama","17":"product_tag-marco","18":"product_tag-marco-con-iman","19":"product_tag-marco-de-fotos","20":"product_tag-regalo-para-mama","21":"product_tag-regalo-personalizado","22":"product_tag-regalos-para-mama","23":"product_shipping_class-cc","25":"first","26":"instock","27":"taxable","28":"shipping-taxable","29":"purchasable","30":"product-type-variable"},"acf":[],"aioseo_notices":[],"_links":{"self":[{"href":"https:\/\/manosinkietas.com\/en\/wp-json\/wp\/v2\/product\/10718","targetHints":{"allow":["GET"]}}],"collection":[{"href":"https:\/\/manosinkietas.com\/en\/wp-json\/wp\/v2\/product"}],"about":[{"href":"https:\/\/manosinkietas.com\/en\/wp-json\/wp\/v2\/types\/product"}],"replies":[{"embeddable":true,"href":"https:\/\/manosinkietas.com\/en\/wp-json\/wp\/v2\/comments?post=10718"}],"version-history":[{"count":2,"href":"https:\/\/manosinkietas.com\/en\/wp-json\/wp\/v2\/product\/10718\/revisions"}],"predecessor-version":[{"id":10734,"href":"https:\/\/manosinkietas.com\/en\/wp-json\/wp\/v2\/product\/10718\/revisions\/10734"}],"wp:featuredmedia":[{"embeddable":true,"href":"https:\/\/manosinkietas.com\/en\/wp-json\/wp\/v2\/media\/10727"}],"wp:attachment":[{"href":"https:\/\/manosinkietas.com\/en\/wp-json\/wp\/v2\/media?parent=10718"}],"wp:term":[{"taxonomy":"product_brand","embeddable":true,"href":"https:\/\/manosinkietas.com\/en\/wp-json\/wp\/v2\/product_brand?post=10718"},{"taxonomy":"product_cat","embeddable":true,"href":"https:\/\/manosinkietas.com\/en\/wp-json\/wp\/v2\/product_cat?post=10718"},{"taxonomy":"product_tag","embeddable":true,"href":"https:\/\/manosinkietas.com\/en\/wp-json\/wp\/v2\/product_tag?post=10718"},{"taxonomy":"filtro_producto","embeddable":true,"href":"https:\/\/manosinkietas.com\/en\/wp-json\/wp\/v2\/filtro_producto?post=10718"}],"curies":[{"name":"wp","href":"https:\/\/api.w.org\/{rel}","templated":true}]}}