{"id":10649,"date":"2024-03-04T22:24:16","date_gmt":"2024-03-04T21:24:16","guid":{"rendered":"https:\/\/manosinkietas.com\/?post_type=product&#038;p=10649"},"modified":"2026-03-05T19:45:30","modified_gmt":"2026-03-05T18:45:30","slug":"placas-de-madera-dia-del-padre","status":"publish","type":"product","link":"https:\/\/manosinkietas.com\/en\/product\/placas-de-madera-dia-del-padre\/","title":{"rendered":"Placas de Madera D\u00eda del Padre"},"content":{"rendered":"<p>Preciosas plaquitas de madera y metacrilato y en formato m\u00e1s peque\u00f1o a color con diferentes frases para el D\u00eda del Padre.<\/p>\n<p>Estas bonitas placas son elaboradas en madera contrachapado de 3mm y metacrilato en diferentes colores. El dise\u00f1o es grabado a l\u00e1ser y consta de 6 frases:<\/p>\n<p><em>Pap\u00e1, eres el mejor<\/em><\/p>\n<p><em>Pap\u00e1, el rey de la casa<\/em><\/p>\n<p><em>Pap\u00e1, eres mi ejemplo a seguir<\/em><\/p>\n<p><em>Pap\u00e1, eres mi h\u00e9roe<\/em><\/p>\n<p><em>Pap\u00e1, te quiero mucho<\/em><\/p>\n<p><em>Feliz d\u00eda, pap\u00e1<\/em><\/p>\n<p>Medidas:<\/p>\n<p>10,5cm de di\u00e1metro<\/p>\n<p>Asimismo, tienes un formato m\u00e1s peque\u00f1o de placas a color de 8,5cm de di\u00e1metro con diferentes frases:<\/p>\n<p><em>Te amo papi<\/em><\/p>\n<p><em>Eres un papi genial<\/em><\/p>\n<p><em>Eres mi ejemplo a seguir<\/em><\/p>\n<p><em>El mejor padre<\/em><\/p>\n<p><em>Mi padre es mi mejor amigo<\/em><\/p>\n<p>Medidas:<\/p>\n<p>8,5cm de di\u00e1metro<\/p>\n<p>Por \u00faltimo, tienes 2 plaquitas para<em> Pap\u00e1 Perruno o Pap\u00e1 Gatuno<\/em>, perfectas para regalar a los papis de mascotas.<\/p>\n<p>Pap\u00e1 perruno: en madera contrachapado 3mm y peque\u00f1o huesito de metacrilato blanco<br \/>\nPap\u00e1 gatuno: en madera contrachapado 3mm y peque\u00f1o esqueleto de pescado en metacrilato gris nacarado<\/p>\n<p>Medidas: 7cm de ancho x 6,5cm de alto<\/p>\n<p>Ideales para regalar a pap\u00e1 en su d\u00eda. Cada pieza tiene metacrilato en diferentes colores y cintas de color azul, verde, blanco o marr\u00f3n<\/p>\n<p>&nbsp;<\/p>\n<p>*****************************************<\/p>\n<p>Por favor, preg\u00fantanos si tienes alguna duda acerca de nuestros productos. Estamos felices de atenderte. Recordatorio: esta es una peque\u00f1a tienda de emprendedores y el tiempo invertido en crear nuestras piezas \u00fanicas tambi\u00e9n tiene valor. \u00bfTe gustan nuestros productos? Echa un vistazo a la tienda:<\/p>","protected":false},"excerpt":{"rendered":"<p>Preciosas plaquitas de madera y metacrilato y en formato m\u00e1s peque\u00f1o a color con diferentes frases para el D\u00eda del Padre.<\/p>","protected":false},"featured_media":12585,"comment_status":"open","ping_status":"closed","template":"","meta":{"_acf_changed":false},"product_brand":[],"product_cat":[36,701],"product_tag":[906,1027,49,86,1026,1030,1033,1029,69,196,48,1031,1028,852,851,1623,1624,1626,1627,1625,881,882,1032,184],"filtro_producto":[],"class_list":{"0":"post-10649","1":"product","2":"type-product","3":"status-publish","4":"has-post-thumbnail","6":"product_cat-celebracion","7":"product_cat-placas-personalizadas","8":"product_tag-abuelo","9":"product_tag-amo-a-mi-papa","10":"product_tag-corte-laser","11":"product_tag-dia-del-padre","12":"product_tag-eres-mi-heroe","13":"product_tag-eres-un-padre-fabuloso","14":"product_tag-feliz-dia-del-padre","15":"product_tag-feliz-dia-pa","16":"product_tag-grabado-laser","17":"product_tag-madera","18":"product_tag-metacrilato","19":"product_tag-mi-papa-es-el-mejor","20":"product_tag-mi-super-papa","21":"product_tag-padre","22":"product_tag-papa","23":"product_tag-papa-el-rey-de-la-casa","24":"product_tag-papa-eres-el-mejor","25":"product_tag-papa-eres-mi-heroe","26":"product_tag-papa-feliz-dia","27":"product_tag-papa-te-quiero-mucho","28":"product_tag-placas","29":"product_tag-placas-de-madera","30":"product_tag-regalos-para-abuelos","31":"product_tag-regalos-para-papa","32":"product_shipping_class-cc","34":"first","35":"instock","36":"taxable","37":"shipping-taxable","38":"purchasable","39":"product-type-variable"},"acf":[],"aioseo_notices":[],"_links":{"self":[{"href":"https:\/\/manosinkietas.com\/en\/wp-json\/wp\/v2\/product\/10649","targetHints":{"allow":["GET"]}}],"collection":[{"href":"https:\/\/manosinkietas.com\/en\/wp-json\/wp\/v2\/product"}],"about":[{"href":"https:\/\/manosinkietas.com\/en\/wp-json\/wp\/v2\/types\/product"}],"replies":[{"embeddable":true,"href":"https:\/\/manosinkietas.com\/en\/wp-json\/wp\/v2\/comments?post=10649"}],"version-history":[{"count":6,"href":"https:\/\/manosinkietas.com\/en\/wp-json\/wp\/v2\/product\/10649\/revisions"}],"predecessor-version":[{"id":12586,"href":"https:\/\/manosinkietas.com\/en\/wp-json\/wp\/v2\/product\/10649\/revisions\/12586"}],"wp:featuredmedia":[{"embeddable":true,"href":"https:\/\/manosinkietas.com\/en\/wp-json\/wp\/v2\/media\/12585"}],"wp:attachment":[{"href":"https:\/\/manosinkietas.com\/en\/wp-json\/wp\/v2\/media?parent=10649"}],"wp:term":[{"taxonomy":"product_brand","embeddable":true,"href":"https:\/\/manosinkietas.com\/en\/wp-json\/wp\/v2\/product_brand?post=10649"},{"taxonomy":"product_cat","embeddable":true,"href":"https:\/\/manosinkietas.com\/en\/wp-json\/wp\/v2\/product_cat?post=10649"},{"taxonomy":"product_tag","embeddable":true,"href":"https:\/\/manosinkietas.com\/en\/wp-json\/wp\/v2\/product_tag?post=10649"},{"taxonomy":"filtro_producto","embeddable":true,"href":"https:\/\/manosinkietas.com\/en\/wp-json\/wp\/v2\/filtro_producto?post=10649"}],"curies":[{"name":"wp","href":"https:\/\/api.w.org\/{rel}","templated":true}]}}