{"id":10560,"date":"2024-02-16T19:30:47","date_gmt":"2024-02-16T18:30:47","guid":{"rendered":"https:\/\/manosinkietas.com\/?post_type=product&#038;p=10560"},"modified":"2025-10-09T17:39:12","modified_gmt":"2025-10-09T15:39:12","slug":"placas-de-madera-mdf-cumplemeses-bebe","status":"publish","type":"product","link":"https:\/\/manosinkietas.com\/en\/product\/placas-de-madera-mdf-cumplemeses-bebe\/","title":{"rendered":"Placas de Madera y MDF Cumplemeses Beb\u00e9"},"content":{"rendered":"<p>Preciosas plaquitas de madera y MDF para los cumplemeses de tu beb\u00e9.<\/p>\n<p>Estas bonitas placas son elaboradas en madera contrachapado de 3mm. Adem\u00e1s incluye 10 discos desde 1 mes hasta 1 a\u00f1o para que saques fotos de la evoluci\u00f3n de tu beb\u00e9. El dise\u00f1o es grabado a l\u00e1ser y consta de un peque\u00f1o sticker de vinilo de pizarra para que escribas el nombre del beb\u00e9. <\/p>\n<p>Ideales para regalar en baby showers o gender reveals. Un saquito de algod\u00f3n viene junto con las piezas para que puedas guardar los discos de cada mes. <\/p>\n<p>Medidas: <\/p>\n<p>12cm x 8,5cm<\/p>\n<p>Medidas de los discos: <\/p>\n<p>7cm de di\u00e1metro<\/p>\n<p>*****************************************<\/p>\n<p>Por favor, preg\u00fantanos si tienes alguna duda acerca de nuestros productos. Estamos felices de atenderte. Recordatorio: esta es una peque\u00f1a tienda de emprendedores y el tiempo invertido en crear nuestras piezas \u00fanicas tambi\u00e9n tiene valor. \u00bfTe gustan nuestros productos? Echa un vistazo a la tienda:<\/p>","protected":false},"excerpt":{"rendered":"<p>Preciosas plaquitas de madera y MDF para los cumplemeses de tu beb\u00e9.<\/p>","protected":false},"featured_media":10567,"comment_status":"open","ping_status":"closed","template":"","meta":{"_acf_changed":false},"product_brand":[],"product_cat":[250,701],"product_tag":[258,254,49,257,999,998,1003,69,196,290,311,881,882,769,259,253,771,1001,1000,1002],"filtro_producto":[],"class_list":{"0":"post-10560","1":"product","2":"type-product","3":"status-publish","4":"has-post-thumbnail","6":"product_cat-bebes","7":"product_cat-placas-personalizadas","8":"product_tag-baby-shower","9":"product_tag-bebe","10":"product_tag-corte-laser","11":"product_tag-cumple-mes-de-bebe","12":"product_tag-cumplemes","13":"product_tag-cumplemeses","14":"product_tag-gender-reveal","15":"product_tag-grabado-laser","16":"product_tag-madera","17":"product_tag-mdf","18":"product_tag-placa-para-bebe","19":"product_tag-placas","20":"product_tag-placas-de-madera","21":"product_tag-placas-para-bebes","22":"product_tag-regalo-para-baby-shower","23":"product_tag-regalo-para-bebe","24":"product_tag-regalos-para-bebes","25":"product_tag-un-ano","26":"product_tag-un-ano-bebe","27":"product_tag-vinilo-pizarra","28":"product_shipping_class-cc","30":"first","31":"instock","32":"taxable","33":"shipping-taxable","34":"purchasable","35":"product-type-simple"},"acf":[],"aioseo_notices":[],"_links":{"self":[{"href":"https:\/\/manosinkietas.com\/en\/wp-json\/wp\/v2\/product\/10560","targetHints":{"allow":["GET"]}}],"collection":[{"href":"https:\/\/manosinkietas.com\/en\/wp-json\/wp\/v2\/product"}],"about":[{"href":"https:\/\/manosinkietas.com\/en\/wp-json\/wp\/v2\/types\/product"}],"replies":[{"embeddable":true,"href":"https:\/\/manosinkietas.com\/en\/wp-json\/wp\/v2\/comments?post=10560"}],"version-history":[{"count":1,"href":"https:\/\/manosinkietas.com\/en\/wp-json\/wp\/v2\/product\/10560\/revisions"}],"predecessor-version":[{"id":10572,"href":"https:\/\/manosinkietas.com\/en\/wp-json\/wp\/v2\/product\/10560\/revisions\/10572"}],"wp:featuredmedia":[{"embeddable":true,"href":"https:\/\/manosinkietas.com\/en\/wp-json\/wp\/v2\/media\/10567"}],"wp:attachment":[{"href":"https:\/\/manosinkietas.com\/en\/wp-json\/wp\/v2\/media?parent=10560"}],"wp:term":[{"taxonomy":"product_brand","embeddable":true,"href":"https:\/\/manosinkietas.com\/en\/wp-json\/wp\/v2\/product_brand?post=10560"},{"taxonomy":"product_cat","embeddable":true,"href":"https:\/\/manosinkietas.com\/en\/wp-json\/wp\/v2\/product_cat?post=10560"},{"taxonomy":"product_tag","embeddable":true,"href":"https:\/\/manosinkietas.com\/en\/wp-json\/wp\/v2\/product_tag?post=10560"},{"taxonomy":"filtro_producto","embeddable":true,"href":"https:\/\/manosinkietas.com\/en\/wp-json\/wp\/v2\/filtro_producto?post=10560"}],"curies":[{"name":"wp","href":"https:\/\/api.w.org\/{rel}","templated":true}]}}