{"id":10443,"date":"2024-01-31T23:19:21","date_gmt":"2024-01-31T22:19:21","guid":{"rendered":"https:\/\/manosinkietas.com\/?post_type=product&#038;p=10443"},"modified":"2025-02-07T09:50:49","modified_gmt":"2025-02-07T08:50:49","slug":"llaveros-de-san-valentin","status":"publish","type":"product","link":"https:\/\/manosinkietas.com\/en\/product\/llaveros-de-san-valentin\/","title":{"rendered":"Llaveros de San Valent\u00edn"},"content":{"rendered":"<p>Originales y \u00fanicos llaveros rom\u00e1nticos que puedes personalizar con la inicial de tu pareja.<\/p>\n<p>Son perfectos como regalo de San Valent\u00edn, recuerdos de aniversarios u otras ocasiones especiales.<\/p>\n<p>Tienes dos modelos a elegir con dos frases distintas:<\/p>\n<p>Eres la pieza que me falta: en metacrilato rojo, una pieza de puzzle para grabar la inicial<br \/>\nMe robaste el coraz\u00f3n: en metacrilato rojo, un coraz\u00f3n para grabar la inicial<\/p>\n<p>Medidas aproximadas de cada llavero:<\/p>\n<p>Puzzle: 3,5cm x 5,1cm<br \/>\nCoraz\u00f3n: 5,9cm x 5,9cm<\/p>\n<p>*****************************************<\/p>\n<p>Por favor, preg\u00fantanos si tienes alguna duda acerca de nuestros productos. Estamos felices de atenderte.<\/p>\n<p>Recordatorio: esta es una peque\u00f1a tienda de emprendedores y el tiempo invertido en crear nuestras piezas \u00fanicas tambi\u00e9n tiene valor.<\/p>\n<p>\u00bfTe gustan nuestros productos? Echa un vistazo a la tienda:<\/p>","protected":false},"excerpt":{"rendered":"<p>Originales y \u00fanicos llaveros rom\u00e1nticos que puedes personalizar con la inicial de tu pareja.<\/p>","protected":false},"featured_media":11516,"comment_status":"open","ping_status":"closed","template":"","meta":{"_acf_changed":false},"product_brand":[],"product_cat":[36,700],"product_tag":[845,847,846,49,1244,1230,602,603,996,69,232,233,302,997,220,451,219,472,239,218],"filtro_producto":[],"class_list":{"0":"post-10443","1":"product","2":"type-product","3":"status-publish","4":"has-post-thumbnail","6":"product_cat-celebracion","7":"product_cat-llaveros","8":"product_tag-amantes","9":"product_tag-amistad","10":"product_tag-amor","11":"product_tag-corte-laser","12":"product_tag-detalle-de-san-valentin","13":"product_tag-detalles-de-san-valentin","14":"product_tag-dia-de-los-enamorados","15":"product_tag-dia-del-amor","16":"product_tag-eres-la-pieza-que-me-falta","17":"product_tag-grabado-laser","18":"product_tag-llavero","19":"product_tag-llavero-personalizado","20":"product_tag-llaveros","21":"product_tag-me-robaste-el-corazon","22":"product_tag-parejas","23":"product_tag-regalo","24":"product_tag-regalo-de-san-valentin","25":"product_tag-regalo-para-parejas","26":"product_tag-regalos-personalizados","27":"product_tag-san-valentin","28":"product_shipping_class-cc","30":"first","31":"instock","32":"taxable","33":"shipping-taxable","34":"purchasable","35":"product-type-variable"},"acf":[],"aioseo_notices":[],"_links":{"self":[{"href":"https:\/\/manosinkietas.com\/en\/wp-json\/wp\/v2\/product\/10443","targetHints":{"allow":["GET"]}}],"collection":[{"href":"https:\/\/manosinkietas.com\/en\/wp-json\/wp\/v2\/product"}],"about":[{"href":"https:\/\/manosinkietas.com\/en\/wp-json\/wp\/v2\/types\/product"}],"replies":[{"embeddable":true,"href":"https:\/\/manosinkietas.com\/en\/wp-json\/wp\/v2\/comments?post=10443"}],"version-history":[{"count":1,"href":"https:\/\/manosinkietas.com\/en\/wp-json\/wp\/v2\/product\/10443\/revisions"}],"predecessor-version":[{"id":10449,"href":"https:\/\/manosinkietas.com\/en\/wp-json\/wp\/v2\/product\/10443\/revisions\/10449"}],"wp:featuredmedia":[{"embeddable":true,"href":"https:\/\/manosinkietas.com\/en\/wp-json\/wp\/v2\/media\/11516"}],"wp:attachment":[{"href":"https:\/\/manosinkietas.com\/en\/wp-json\/wp\/v2\/media?parent=10443"}],"wp:term":[{"taxonomy":"product_brand","embeddable":true,"href":"https:\/\/manosinkietas.com\/en\/wp-json\/wp\/v2\/product_brand?post=10443"},{"taxonomy":"product_cat","embeddable":true,"href":"https:\/\/manosinkietas.com\/en\/wp-json\/wp\/v2\/product_cat?post=10443"},{"taxonomy":"product_tag","embeddable":true,"href":"https:\/\/manosinkietas.com\/en\/wp-json\/wp\/v2\/product_tag?post=10443"},{"taxonomy":"filtro_producto","embeddable":true,"href":"https:\/\/manosinkietas.com\/en\/wp-json\/wp\/v2\/filtro_producto?post=10443"}],"curies":[{"name":"wp","href":"https:\/\/api.w.org\/{rel}","templated":true}]}}