{"id":10438,"date":"2024-01-31T23:11:27","date_gmt":"2024-01-31T22:11:27","guid":{"rendered":"https:\/\/manosinkietas.com\/?post_type=product&#038;p=10438"},"modified":"2025-02-07T09:57:32","modified_gmt":"2025-02-07T08:57:32","slug":"marco-con-pinzas-eres-el-amor-de-mi-vida","status":"publish","type":"product","link":"https:\/\/manosinkietas.com\/en\/product\/marco-con-pinzas-eres-el-amor-de-mi-vida\/","title":{"rendered":"Marco con Pinzas Eres el Amor de Mi Vida"},"content":{"rendered":"<p>Hermoso marco de fotos para colgar tus im\u00e1genes favoritas para regalar a tu pareja en San Valent\u00edn. El marco tiene la frase &#8220;Eres el amor de mi vida&#8221; y tiene una cuerda de yute y dos pinzas para colgar un par de fotograf\u00edas.<\/p>\n<p>Ideal para regalar en San Valent\u00edn o para celebrar aniversario de novios, bodas, etc. junto a tu pareja.<\/p>\n<p>Medidas:<\/p>\n<p>18 cm x 7 cm aproximadamente.<\/p>\n<p>*****************************************<\/p>\n<p>Por favor, preg\u00fantanos si tienes alguna duda acerca de nuestros productos. Estamos felices de atenderte.<\/p>\n<p>Recordatorio: esta es una peque\u00f1a tienda de emprendedores y el tiempo invertido en crear nuestras piezas \u00fanicas tambi\u00e9n tiene valor.<\/p>\n<p>\u00bfTe gustan nuestros productos? Echa un vistazo a la tienda:<\/p>","protected":false},"excerpt":{"rendered":"<p>Hermoso marco de fotos para colgar tus im\u00e1genes favoritas para regalar a tu pareja en San Valent\u00edn.<\/p>","protected":false},"featured_media":11520,"comment_status":"open","ping_status":"closed","template":"","meta":{"_acf_changed":false},"product_brand":[],"product_cat":[36,703],"product_tag":[49,602,994,69,196,995,494,220,451,219,283,472,72,270,490,239,218],"filtro_producto":[],"class_list":{"0":"post-10438","1":"product","2":"type-product","3":"status-publish","4":"has-post-thumbnail","6":"product_cat-celebracion","7":"product_cat-menaje","8":"product_tag-corte-laser","9":"product_tag-dia-de-los-enamorados","10":"product_tag-eres-el-amor-de-mi-vida","11":"product_tag-grabado-laser","12":"product_tag-madera","13":"product_tag-marco-con-pinzas","14":"product_tag-marco-de-fotos","15":"product_tag-parejas","16":"product_tag-regalo","17":"product_tag-regalo-de-san-valentin","18":"product_tag-regalo-para-ella","19":"product_tag-regalo-para-parejas","20":"product_tag-regalo-personalizado","21":"product_tag-regalos","22":"product_tag-regalos-originales","23":"product_tag-regalos-personalizados","24":"product_tag-san-valentin","25":"product_shipping_class-cc","27":"first","28":"instock","29":"taxable","30":"shipping-taxable","31":"purchasable","32":"product-type-simple"},"acf":[],"aioseo_notices":[],"_links":{"self":[{"href":"https:\/\/manosinkietas.com\/en\/wp-json\/wp\/v2\/product\/10438","targetHints":{"allow":["GET"]}}],"collection":[{"href":"https:\/\/manosinkietas.com\/en\/wp-json\/wp\/v2\/product"}],"about":[{"href":"https:\/\/manosinkietas.com\/en\/wp-json\/wp\/v2\/types\/product"}],"replies":[{"embeddable":true,"href":"https:\/\/manosinkietas.com\/en\/wp-json\/wp\/v2\/comments?post=10438"}],"version-history":[{"count":2,"href":"https:\/\/manosinkietas.com\/en\/wp-json\/wp\/v2\/product\/10438\/revisions"}],"predecessor-version":[{"id":11523,"href":"https:\/\/manosinkietas.com\/en\/wp-json\/wp\/v2\/product\/10438\/revisions\/11523"}],"wp:featuredmedia":[{"embeddable":true,"href":"https:\/\/manosinkietas.com\/en\/wp-json\/wp\/v2\/media\/11520"}],"wp:attachment":[{"href":"https:\/\/manosinkietas.com\/en\/wp-json\/wp\/v2\/media?parent=10438"}],"wp:term":[{"taxonomy":"product_brand","embeddable":true,"href":"https:\/\/manosinkietas.com\/en\/wp-json\/wp\/v2\/product_brand?post=10438"},{"taxonomy":"product_cat","embeddable":true,"href":"https:\/\/manosinkietas.com\/en\/wp-json\/wp\/v2\/product_cat?post=10438"},{"taxonomy":"product_tag","embeddable":true,"href":"https:\/\/manosinkietas.com\/en\/wp-json\/wp\/v2\/product_tag?post=10438"},{"taxonomy":"filtro_producto","embeddable":true,"href":"https:\/\/manosinkietas.com\/en\/wp-json\/wp\/v2\/filtro_producto?post=10438"}],"curies":[{"name":"wp","href":"https:\/\/api.w.org\/{rel}","templated":true}]}}