{"id":10420,"date":"2024-01-31T22:03:27","date_gmt":"2024-01-31T21:03:27","guid":{"rendered":"https:\/\/manosinkietas.com\/?post_type=product&#038;p=10420"},"modified":"2026-01-23T17:55:08","modified_gmt":"2026-01-23T16:55:08","slug":"placas-de-madera-con-frases-san-valentin","status":"publish","type":"product","link":"https:\/\/manosinkietas.com\/en\/product\/placas-de-madera-con-frases-san-valentin\/","title":{"rendered":"Placas de Madera con Frases de San Valent\u00edn"},"content":{"rendered":"<p>Preciosas plaquitas de madera y metacrilato con diferentes frases de San Valent\u00edn.<\/p>\n<p>Estas bonitas placas son elaboradas en madera contrachapado de 3mm y metacrilato en diferentes colores. El dise\u00f1o es grabado a l\u00e1ser y consta de varias frases:<\/p>\n<p>Eres mi hilo rojo (2 placas)<\/p>\n<p>Contigo todo encaja<\/p>\n<p>Eres la pieza que me falta<\/p>\n<p>Mi regalo eres t\u00fa<\/p>\n<p>Te ganaste mi coraz\u00f3n<\/p>\n<p>Siempre juntos<\/p>\n<p>Amor del Bueno<\/p>\n<p>T\u00fa est\u00e1s aqu\u00ed<br \/>\nT\u00fa haces mi mundo m\u00e1s especial<br \/>\nEstoy feliz de haberte conocido<br \/>\nGracias por ser parte de mi vida<br \/>\nEres mi notificaci\u00f3n favorita<\/p>\n<p>Ideales para regalar a tu pareja o a alguien especial en tu vida, sirve para muchas ocasiones. Cada pieza tiene metacrilato y cintas de color rojo o rosa, dependiendo del modelo.<\/p>\n<p>Medidas:<\/p>\n<p>10,5cm de di\u00e1metro<\/p>\n<p>*****************************************<\/p>\n<p>Por favor, preg\u00fantanos si tienes alguna duda acerca de nuestros productos. Estamos felices de atenderte. Recordatorio: esta es una peque\u00f1a tienda de emprendedores y el tiempo invertido en crear nuestras piezas \u00fanicas tambi\u00e9n tiene valor. \u00bfTe gustan nuestros productos? Echa un vistazo a la tienda:<\/p>","protected":false},"excerpt":{"rendered":"<p>Preciosas plaquitas de madera y metacrilato con diferentes frases de San Valent\u00edn.<\/p>","protected":false},"featured_media":12390,"comment_status":"open","ping_status":"closed","template":"","meta":{"_acf_changed":false},"product_brand":[],"product_cat":[36,701],"product_tag":[988,1551,49,877,602,987,996,1552,992,993,69,990,1553,1554,196,48,1555,875,876,222,881,882,219,218,1556,1557,989,991],"filtro_producto":[],"class_list":{"0":"post-10420","1":"product","2":"type-product","3":"status-publish","4":"has-post-thumbnail","6":"product_cat-celebracion","7":"product_cat-placas-personalizadas","8":"product_tag-amor-del-bueno","9":"product_tag-contigo-todo-encaja","10":"product_tag-corte-laser","11":"product_tag-detalles-para-novios","12":"product_tag-dia-de-los-enamorados","13":"product_tag-dia-del-amor-y-la-amistad","14":"product_tag-eres-la-pieza-que-me-falta","15":"product_tag-eres-mi-hilo-rojo","16":"product_tag-eres-mi-notificacion-favorita","17":"product_tag-estoy-feliz-de-haberte-conocido","18":"product_tag-grabado-laser","19":"product_tag-gracias-por-ser-parte-de-mi-vida","20":"product_tag-leyenda-del-hilo-rojo","21":"product_tag-leyenda-japonesa-del-hilo-rojo","22":"product_tag-madera","23":"product_tag-metacrilato","24":"product_tag-mi-regalo-eres-tu","25":"product_tag-novia","26":"product_tag-novio","27":"product_tag-novios","28":"product_tag-placas","29":"product_tag-placas-de-madera","30":"product_tag-regalo-de-san-valentin","31":"product_tag-san-valentin","32":"product_tag-siempre-juntos","33":"product_tag-te-ganaste-mi-corazon","34":"product_tag-tu-estas-aqui","35":"product_tag-tu-haces-mi-mundo-mas-especial","36":"product_shipping_class-cc","38":"first","39":"instock","40":"taxable","41":"shipping-taxable","42":"purchasable","43":"product-type-variable"},"acf":[],"aioseo_notices":[],"_links":{"self":[{"href":"https:\/\/manosinkietas.com\/en\/wp-json\/wp\/v2\/product\/10420","targetHints":{"allow":["GET"]}}],"collection":[{"href":"https:\/\/manosinkietas.com\/en\/wp-json\/wp\/v2\/product"}],"about":[{"href":"https:\/\/manosinkietas.com\/en\/wp-json\/wp\/v2\/types\/product"}],"replies":[{"embeddable":true,"href":"https:\/\/manosinkietas.com\/en\/wp-json\/wp\/v2\/comments?post=10420"}],"version-history":[{"count":4,"href":"https:\/\/manosinkietas.com\/en\/wp-json\/wp\/v2\/product\/10420\/revisions"}],"predecessor-version":[{"id":12405,"href":"https:\/\/manosinkietas.com\/en\/wp-json\/wp\/v2\/product\/10420\/revisions\/12405"}],"wp:featuredmedia":[{"embeddable":true,"href":"https:\/\/manosinkietas.com\/en\/wp-json\/wp\/v2\/media\/12390"}],"wp:attachment":[{"href":"https:\/\/manosinkietas.com\/en\/wp-json\/wp\/v2\/media?parent=10420"}],"wp:term":[{"taxonomy":"product_brand","embeddable":true,"href":"https:\/\/manosinkietas.com\/en\/wp-json\/wp\/v2\/product_brand?post=10420"},{"taxonomy":"product_cat","embeddable":true,"href":"https:\/\/manosinkietas.com\/en\/wp-json\/wp\/v2\/product_cat?post=10420"},{"taxonomy":"product_tag","embeddable":true,"href":"https:\/\/manosinkietas.com\/en\/wp-json\/wp\/v2\/product_tag?post=10420"},{"taxonomy":"filtro_producto","embeddable":true,"href":"https:\/\/manosinkietas.com\/en\/wp-json\/wp\/v2\/filtro_producto?post=10420"}],"curies":[{"name":"wp","href":"https:\/\/api.w.org\/{rel}","templated":true}]}}